{"id":8806,"date":"2025-06-04T20:26:16","date_gmt":"2025-06-04T23:26:16","guid":{"rendered":"https:\/\/azdesigners.com.br\/vicentinos25\/?post_type=product&#038;p=8806"},"modified":"2025-06-04T23:36:34","modified_gmt":"2025-06-05T02:36:34","slug":"espacador-losangular-vertical","status":"publish","type":"product","link":"https:\/\/vicentinos.com.br\/es\/produto\/espacador-losangular-vertical\/","title":{"rendered":"Espa\u00e7ador Losangular Vertical"},"content":{"rendered":"<p><a href=\"https:\/\/vicentinos.com.br\/wp-content\/uploads\/2024\/08\/espacadorvertical2.png\"><img fetchpriority=\"high\" decoding=\"async\" class=\"alignnone wp-image-1588 size-full\" src=\"https:\/\/vicentinos.com.br\/wp-content\/uploads\/2024\/08\/espacadorvertical2.png\" alt=\"\" width=\"578\" height=\"144\" srcset=\"https:\/\/vicentinos.com.br\/wp-content\/uploads\/2024\/08\/espacadorvertical2.png 578w, https:\/\/vicentinos.com.br\/wp-content\/uploads\/2024\/08\/espacadorvertical2-300x75.png 300w\" sizes=\"(max-width: 578px) 100vw, 578px\" \/><\/a><\/p>\n<p>&nbsp;<\/p>\n<p><a href=\"https:\/\/vicentinos.com.br\/wp-content\/uploads\/2024\/08\/espacadorvertical.png\"><img decoding=\"async\" class=\"alignnone wp-image-1589 size-full\" src=\"https:\/\/vicentinos.com.br\/wp-content\/uploads\/2024\/08\/espacadorvertical.png\" alt=\"\" width=\"1074\" height=\"196\" srcset=\"https:\/\/vicentinos.com.br\/wp-content\/uploads\/2024\/08\/espacadorvertical.png 1074w, https:\/\/vicentinos.com.br\/wp-content\/uploads\/2024\/08\/espacadorvertical-600x109.png 600w, https:\/\/vicentinos.com.br\/wp-content\/uploads\/2024\/08\/espacadorvertical-300x55.png 300w, https:\/\/vicentinos.com.br\/wp-content\/uploads\/2024\/08\/espacadorvertical-1024x187.png 1024w, https:\/\/vicentinos.com.br\/wp-content\/uploads\/2024\/08\/espacadorvertical-768x140.png 768w\" sizes=\"(max-width: 1074px) 100vw, 1074px\" \/><\/a><\/p>\n","protected":false},"excerpt":{"rendered":"<p><span class=\"fontstyle0\"><strong>APLICA\u00c7\u00c3O:<\/strong><br \/>\n<\/span><span class=\"fontstyle1\">\u00c9 utilizado para manter o espa\u00e7amento dos cabos mensageiros<br \/>\ne fases no cruzamento a\u00e9reo de redes compactas de distribui\u00e7\u00e3o de<br \/>\nenergia el\u00e9trica.<\/span><\/p>\n<p><strong><span class=\"fontstyle1\"><br \/>\n<\/span><\/strong><span class=\"fontstyle0\"><strong>CARACTER\u00cdSTICAS:<\/strong><br \/>\n<\/span><span class=\"fontstyle1\">Produzido em polietileno de alta densidade na cor cinza<br \/>\nGrande resist\u00eancia \u00e0 tra\u00e7\u00e3o e tor\u00e7\u00e3o<br \/>\nResistente ao trilhamento el\u00e9trico<br \/>\nProte\u00e7\u00e3o aos raios UV<br \/>\nUtiliza-se anel elastom\u00e9rico para fixa\u00e7\u00e3o dos cabos.<\/span><\/p>\n","protected":false},"featured_media":8850,"template":"","meta":[],"product_brand":[],"product_cat":[59],"product_tag":[58],"class_list":{"0":"post-8806","1":"product","2":"type-product","3":"status-publish","4":"has-post-thumbnail","6":"product_cat-espacadores","7":"product_tag-espacador","9":"first","10":"instock","11":"shipping-taxable","12":"product-type-simple"},"_links":{"self":[{"href":"https:\/\/vicentinos.com.br\/es\/wp-json\/wp\/v2\/product\/8806","targetHints":{"allow":["GET"]}}],"collection":[{"href":"https:\/\/vicentinos.com.br\/es\/wp-json\/wp\/v2\/product"}],"about":[{"href":"https:\/\/vicentinos.com.br\/es\/wp-json\/wp\/v2\/types\/product"}],"wp:featuredmedia":[{"embeddable":true,"href":"https:\/\/vicentinos.com.br\/es\/wp-json\/wp\/v2\/media\/8850"}],"wp:attachment":[{"href":"https:\/\/vicentinos.com.br\/es\/wp-json\/wp\/v2\/media?parent=8806"}],"wp:term":[{"taxonomy":"product_brand","embeddable":true,"href":"https:\/\/vicentinos.com.br\/es\/wp-json\/wp\/v2\/product_brand?post=8806"},{"taxonomy":"product_cat","embeddable":true,"href":"https:\/\/vicentinos.com.br\/es\/wp-json\/wp\/v2\/product_cat?post=8806"},{"taxonomy":"product_tag","embeddable":true,"href":"https:\/\/vicentinos.com.br\/es\/wp-json\/wp\/v2\/product_tag?post=8806"}],"curies":[{"name":"wp","href":"https:\/\/api.w.org\/{rel}","templated":true}]}}