{"id":8805,"date":"2025-06-04T20:26:16","date_gmt":"2025-06-04T23:26:16","guid":{"rendered":"https:\/\/azdesigners.com.br\/vicentinos25\/?post_type=product&#038;p=8805"},"modified":"2025-06-04T23:22:10","modified_gmt":"2025-06-05T02:22:10","slug":"espacador-losangular-auto-travante","status":"publish","type":"product","link":"https:\/\/vicentinos.com.br\/es\/produto\/espacador-losangular-auto-travante\/","title":{"rendered":"Espa\u00e7ador Losangular Auto Travante"},"content":{"rendered":"<p><a href=\"https:\/\/vicentinos.com.br\/wp-content\/uploads\/2024\/08\/espacadorlosangularat2.png\"><img fetchpriority=\"high\" decoding=\"async\" class=\"alignnone wp-image-1583 size-full\" src=\"https:\/\/vicentinos.com.br\/wp-content\/uploads\/2024\/08\/espacadorlosangularat2.png\" alt=\"\" width=\"266\" height=\"287\" \/><\/a><\/p>\n<p>&nbsp;<\/p>\n<p><a href=\"https:\/\/vicentinos.com.br\/wp-content\/uploads\/2024\/08\/espacadorlosangularat.png\"><img decoding=\"async\" class=\"alignnone wp-image-1584 size-full\" src=\"https:\/\/vicentinos.com.br\/wp-content\/uploads\/2024\/08\/espacadorlosangularat.png\" alt=\"\" width=\"1106\" height=\"190\" srcset=\"https:\/\/vicentinos.com.br\/wp-content\/uploads\/2024\/08\/espacadorlosangularat.png 1106w, https:\/\/vicentinos.com.br\/wp-content\/uploads\/2024\/08\/espacadorlosangularat-600x103.png 600w, https:\/\/vicentinos.com.br\/wp-content\/uploads\/2024\/08\/espacadorlosangularat-300x52.png 300w, https:\/\/vicentinos.com.br\/wp-content\/uploads\/2024\/08\/espacadorlosangularat-1024x176.png 1024w, https:\/\/vicentinos.com.br\/wp-content\/uploads\/2024\/08\/espacadorlosangularat-768x132.png 768w\" sizes=\"(max-width: 1106px) 100vw, 1106px\" \/><\/a><\/p>\n","protected":false},"excerpt":{"rendered":"<p><span class=\"fontstyle0\"><strong>APLICA\u00c7\u00c3O:<\/strong><br \/>\n<\/span><span class=\"fontstyle1\">\u00c9 utilizado como separador de cabos protegidos em redes a\u00e9reas<br \/>\ncompactas de distribui\u00e7\u00e3o de energia el\u00e9trica.<\/span><\/p>\n<p><span class=\"fontstyle1\"><br \/>\n<\/span><span class=\"fontstyle0\"><strong>CARACTER\u00cdSTICAS:<\/strong><br \/>\n<\/span><span class=\"fontstyle1\">Produzido em polietileno de alta densidade na cor cinza.<br \/>\nAlta resist\u00eancia a tra\u00e7\u00e3o e tor\u00e7\u00e3o.<br \/>\nAlta resist\u00eancia ao trilhamento el\u00e9trico. Prote\u00e7\u00e3o aos raios UV.<br \/>\nPossui garra autotravante que permite maior facilidade na fixa\u00e7\u00e3o<br \/>\ndo cabo assim como uma melhor compatibilidade dos materiais.<\/span><\/p>\n","protected":false},"featured_media":8849,"template":"","meta":[],"product_brand":[],"product_cat":[59],"product_tag":[52,58],"class_list":{"0":"post-8805","1":"product","2":"type-product","3":"status-publish","4":"has-post-thumbnail","6":"product_cat-espacadores","7":"product_tag-autotravante","8":"product_tag-espacador","10":"first","11":"instock","12":"shipping-taxable","13":"product-type-simple"},"_links":{"self":[{"href":"https:\/\/vicentinos.com.br\/es\/wp-json\/wp\/v2\/product\/8805","targetHints":{"allow":["GET"]}}],"collection":[{"href":"https:\/\/vicentinos.com.br\/es\/wp-json\/wp\/v2\/product"}],"about":[{"href":"https:\/\/vicentinos.com.br\/es\/wp-json\/wp\/v2\/types\/product"}],"wp:featuredmedia":[{"embeddable":true,"href":"https:\/\/vicentinos.com.br\/es\/wp-json\/wp\/v2\/media\/8849"}],"wp:attachment":[{"href":"https:\/\/vicentinos.com.br\/es\/wp-json\/wp\/v2\/media?parent=8805"}],"wp:term":[{"taxonomy":"product_brand","embeddable":true,"href":"https:\/\/vicentinos.com.br\/es\/wp-json\/wp\/v2\/product_brand?post=8805"},{"taxonomy":"product_cat","embeddable":true,"href":"https:\/\/vicentinos.com.br\/es\/wp-json\/wp\/v2\/product_cat?post=8805"},{"taxonomy":"product_tag","embeddable":true,"href":"https:\/\/vicentinos.com.br\/es\/wp-json\/wp\/v2\/product_tag?post=8805"}],"curies":[{"name":"wp","href":"https:\/\/api.w.org\/{rel}","templated":true}]}}