{"id":8804,"date":"2025-06-04T20:26:16","date_gmt":"2025-06-04T23:26:16","guid":{"rendered":"https:\/\/azdesigners.com.br\/vicentinos25\/?post_type=product&#038;p=8804"},"modified":"2025-06-04T21:17:33","modified_gmt":"2025-06-05T00:17:33","slug":"espacador-losangular","status":"publish","type":"product","link":"https:\/\/vicentinos.com.br\/es\/produto\/espacador-losangular\/","title":{"rendered":"Espa\u00e7ador Losangular"},"content":{"rendered":"<p><a href=\"https:\/\/vicentinos.com.br\/wp-content\/uploads\/2024\/08\/espacadorlosangular2.png\"><img fetchpriority=\"high\" decoding=\"async\" class=\"alignnone wp-image-1579 size-full\" src=\"https:\/\/vicentinos.com.br\/wp-content\/uploads\/2024\/08\/espacadorlosangular2.png\" alt=\"\" width=\"270\" height=\"300\" \/><\/a><\/p>\n<p>&nbsp;<\/p>\n<p><a href=\"https:\/\/vicentinos.com.br\/wp-content\/uploads\/2024\/08\/espacadorlosangular.png\"><img decoding=\"async\" class=\"alignnone wp-image-1578 size-full\" src=\"https:\/\/vicentinos.com.br\/wp-content\/uploads\/2024\/08\/espacadorlosangular.png\" alt=\"\" width=\"1052\" height=\"191\" srcset=\"https:\/\/vicentinos.com.br\/wp-content\/uploads\/2024\/08\/espacadorlosangular.png 1052w, https:\/\/vicentinos.com.br\/wp-content\/uploads\/2024\/08\/espacadorlosangular-600x109.png 600w, https:\/\/vicentinos.com.br\/wp-content\/uploads\/2024\/08\/espacadorlosangular-300x54.png 300w, https:\/\/vicentinos.com.br\/wp-content\/uploads\/2024\/08\/espacadorlosangular-1024x186.png 1024w, https:\/\/vicentinos.com.br\/wp-content\/uploads\/2024\/08\/espacadorlosangular-768x139.png 768w\" sizes=\"(max-width: 1052px) 100vw, 1052px\" \/><\/a><\/p>\n","protected":false},"excerpt":{"rendered":"<p><span class=\"fontstyle0\"><strong>APLICA\u00c7\u00c3O:<\/strong><br \/>\n<\/span><span class=\"fontstyle1\">\u00c9 utilizado como separador de cabos protegidos em redes a\u00e9reas<br \/>\ncompactas de distribui\u00e7\u00e3o de energia el\u00e9trica.<\/span><\/p>\n<p><strong><span class=\"fontstyle1\"><br \/>\n<\/span><\/strong><span class=\"fontstyle0\"><strong>CARACTER\u00cdSTICAS:<\/strong><br \/>\n<\/span><span class=\"fontstyle1\">Produzido em polietileno de alta densidade na cor cinza.<br \/>\nAlta resist\u00eancia a tra\u00e7\u00e3o e tor\u00e7\u00e3o.<br \/>\nAlta resist\u00eancia ao trilhamento el\u00e9trico. Prote\u00e7\u00e3o aos raios UV.<br \/>\nCabos fixados por anel elastom\u00e9rico ou preformado polim\u00e9rico.<\/span><\/p>\n","protected":false},"featured_media":8848,"template":"","meta":[],"product_brand":[],"product_cat":[59],"product_tag":[58],"class_list":{"0":"post-8804","1":"product","2":"type-product","3":"status-publish","4":"has-post-thumbnail","6":"product_cat-espacadores","7":"product_tag-espacador","9":"first","10":"instock","11":"shipping-taxable","12":"product-type-simple"},"_links":{"self":[{"href":"https:\/\/vicentinos.com.br\/es\/wp-json\/wp\/v2\/product\/8804","targetHints":{"allow":["GET"]}}],"collection":[{"href":"https:\/\/vicentinos.com.br\/es\/wp-json\/wp\/v2\/product"}],"about":[{"href":"https:\/\/vicentinos.com.br\/es\/wp-json\/wp\/v2\/types\/product"}],"wp:featuredmedia":[{"embeddable":true,"href":"https:\/\/vicentinos.com.br\/es\/wp-json\/wp\/v2\/media\/8848"}],"wp:attachment":[{"href":"https:\/\/vicentinos.com.br\/es\/wp-json\/wp\/v2\/media?parent=8804"}],"wp:term":[{"taxonomy":"product_brand","embeddable":true,"href":"https:\/\/vicentinos.com.br\/es\/wp-json\/wp\/v2\/product_brand?post=8804"},{"taxonomy":"product_cat","embeddable":true,"href":"https:\/\/vicentinos.com.br\/es\/wp-json\/wp\/v2\/product_cat?post=8804"},{"taxonomy":"product_tag","embeddable":true,"href":"https:\/\/vicentinos.com.br\/es\/wp-json\/wp\/v2\/product_tag?post=8804"}],"curies":[{"name":"wp","href":"https:\/\/api.w.org\/{rel}","templated":true}]}}