{"id":8798,"date":"2025-06-04T20:26:15","date_gmt":"2025-06-04T23:26:15","guid":{"rendered":"https:\/\/azdesigners.com.br\/vicentinos25\/?post_type=product&#038;p=8798"},"modified":"2025-06-04T21:17:33","modified_gmt":"2025-06-05T00:17:33","slug":"isolador-de-pino-polimerico","status":"publish","type":"product","link":"https:\/\/vicentinos.com.br\/es\/produto\/isolador-de-pino-polimerico\/","title":{"rendered":"Isolador de Pino Polim\u00e9rico"},"content":{"rendered":"<p><a href=\"https:\/\/vicentinos.com.br\/wp-content\/uploads\/2024\/08\/isoladordepino2.png\"><img fetchpriority=\"high\" decoding=\"async\" class=\"alignnone wp-image-1546 size-full\" src=\"https:\/\/vicentinos.com.br\/wp-content\/uploads\/2024\/08\/isoladordepino2.png\" alt=\"\" width=\"221\" height=\"405\" srcset=\"https:\/\/vicentinos.com.br\/wp-content\/uploads\/2024\/08\/isoladordepino2.png 221w, https:\/\/vicentinos.com.br\/wp-content\/uploads\/2024\/08\/isoladordepino2-164x300.png 164w\" sizes=\"(max-width: 221px) 100vw, 221px\" \/><\/a><\/p>\n<p>&nbsp;<\/p>\n<p><a href=\"https:\/\/vicentinos.com.br\/wp-content\/uploads\/2024\/08\/isolador-de-pino.png\"><img decoding=\"async\" class=\"alignnone wp-image-1545 size-full\" src=\"https:\/\/vicentinos.com.br\/wp-content\/uploads\/2024\/08\/isolador-de-pino.png\" alt=\"\" width=\"1421\" height=\"307\" srcset=\"https:\/\/vicentinos.com.br\/wp-content\/uploads\/2024\/08\/isolador-de-pino.png 1421w, https:\/\/vicentinos.com.br\/wp-content\/uploads\/2024\/08\/isolador-de-pino-600x130.png 600w, https:\/\/vicentinos.com.br\/wp-content\/uploads\/2024\/08\/isolador-de-pino-300x65.png 300w, https:\/\/vicentinos.com.br\/wp-content\/uploads\/2024\/08\/isolador-de-pino-1024x221.png 1024w, https:\/\/vicentinos.com.br\/wp-content\/uploads\/2024\/08\/isolador-de-pino-768x166.png 768w, https:\/\/vicentinos.com.br\/wp-content\/uploads\/2024\/08\/isolador-de-pino-1170x253.png 1170w\" sizes=\"(max-width: 1421px) 100vw, 1421px\" \/><\/a><\/p>\n","protected":false},"excerpt":{"rendered":"<p><span class=\"fontstyle0\"><strong>APLICA\u00c7\u00c3O:<\/strong><br \/>\n<\/span><span class=\"fontstyle1\">Utilizado em redes a\u00e9reas de distribui\u00e7\u00e3o de energia el\u00e9trica. Instalado com pino polim\u00e9rico ou met\u00e1lico.<\/span><\/p>\n<p><span class=\"fontstyle1\"><br \/>\n<\/span><span class=\"fontstyle0\"><strong>CARACTER\u00cdSTICAS:<\/strong><br \/>\n<\/span><span class=\"fontstyle1\">Produzido em polietileno de alta densidade na cor cinza.<br \/>\nAlta resist\u00eancia a tra\u00e7\u00e3o, flex\u00e3o e impacto.<br \/>\nResist\u00eancia ao trilhamento el\u00e9trico.<br \/>\nProte\u00e7\u00e3o aos raios UV.<br \/>\nPode ser fixado com anel elastom\u00e9rico ou pr\u00e9formado polim\u00e9rico.<\/span><\/p>\n","protected":false},"featured_media":8835,"template":"","meta":[],"product_brand":[],"product_cat":[49],"product_tag":[48],"class_list":{"0":"post-8798","1":"product","2":"type-product","3":"status-publish","4":"has-post-thumbnail","6":"product_cat-isoladores","7":"product_tag-isolador","9":"first","10":"instock","11":"shipping-taxable","12":"product-type-simple"},"_links":{"self":[{"href":"https:\/\/vicentinos.com.br\/es\/wp-json\/wp\/v2\/product\/8798","targetHints":{"allow":["GET"]}}],"collection":[{"href":"https:\/\/vicentinos.com.br\/es\/wp-json\/wp\/v2\/product"}],"about":[{"href":"https:\/\/vicentinos.com.br\/es\/wp-json\/wp\/v2\/types\/product"}],"wp:featuredmedia":[{"embeddable":true,"href":"https:\/\/vicentinos.com.br\/es\/wp-json\/wp\/v2\/media\/8835"}],"wp:attachment":[{"href":"https:\/\/vicentinos.com.br\/es\/wp-json\/wp\/v2\/media?parent=8798"}],"wp:term":[{"taxonomy":"product_brand","embeddable":true,"href":"https:\/\/vicentinos.com.br\/es\/wp-json\/wp\/v2\/product_brand?post=8798"},{"taxonomy":"product_cat","embeddable":true,"href":"https:\/\/vicentinos.com.br\/es\/wp-json\/wp\/v2\/product_cat?post=8798"},{"taxonomy":"product_tag","embeddable":true,"href":"https:\/\/vicentinos.com.br\/es\/wp-json\/wp\/v2\/product_tag?post=8798"}],"curies":[{"name":"wp","href":"https:\/\/api.w.org\/{rel}","templated":true}]}}