{"id":8797,"date":"2025-06-04T20:26:15","date_gmt":"2025-06-04T23:26:15","guid":{"rendered":"https:\/\/azdesigners.com.br\/vicentinos25\/?post_type=product&#038;p=8797"},"modified":"2025-06-04T21:17:33","modified_gmt":"2025-06-05T00:17:33","slug":"lancamento-isolador-pilar-polimerico-auto-travante","status":"publish","type":"product","link":"https:\/\/vicentinos.com.br\/es\/produto\/lancamento-isolador-pilar-polimerico-auto-travante\/","title":{"rendered":"LAN\u00c7AMENTO &#8211; Isolador Pilar Polim\u00e9rico Auto Travante"},"content":{"rendered":"<p><a href=\"https:\/\/vicentinos.com.br\/wp-content\/uploads\/2024\/08\/pilarat2.png\"><img fetchpriority=\"high\" decoding=\"async\" class=\"alignnone wp-image-1541 size-full\" src=\"https:\/\/vicentinos.com.br\/wp-content\/uploads\/2024\/08\/pilarat2.png\" alt=\"\" width=\"324\" height=\"552\" \/><\/a><\/p>\n<p>&nbsp;<\/p>\n<p><a href=\"https:\/\/vicentinos.com.br\/wp-content\/uploads\/2024\/08\/pilarat1.png\"><img decoding=\"async\" class=\"alignnone wp-image-1542 size-full\" src=\"https:\/\/vicentinos.com.br\/wp-content\/uploads\/2024\/08\/pilarat1.png\" alt=\"\" width=\"1475\" height=\"300\" srcset=\"https:\/\/vicentinos.com.br\/wp-content\/uploads\/2024\/08\/pilarat1.png 1475w, https:\/\/vicentinos.com.br\/wp-content\/uploads\/2024\/08\/pilarat1-600x122.png 600w, https:\/\/vicentinos.com.br\/wp-content\/uploads\/2024\/08\/pilarat1-300x61.png 300w, https:\/\/vicentinos.com.br\/wp-content\/uploads\/2024\/08\/pilarat1-1024x208.png 1024w, https:\/\/vicentinos.com.br\/wp-content\/uploads\/2024\/08\/pilarat1-768x156.png 768w, https:\/\/vicentinos.com.br\/wp-content\/uploads\/2024\/08\/pilarat1-1170x238.png 1170w\" sizes=\"(max-width: 1475px) 100vw, 1475px\" \/><\/a><\/p>\n","protected":false},"excerpt":{"rendered":"<p><span class=\"fontstyle0\"><strong>APLICA\u00c7\u00c3O:<\/strong><br \/>\n<\/span><span class=\"fontstyle1\">Utilizado em redes a\u00e9reas de distribui\u00e7\u00e3o de energia el\u00e9trica.<br \/>\nPode ser instalado na horizontal ou vertical.<\/span><\/p>\n<p><span class=\"fontstyle1\"><br \/>\n<\/span><span class=\"fontstyle0\"><strong>CARACTER\u00cdSTICAS:<\/strong><br \/>\n<\/span><span class=\"fontstyle1\">Produzido em polietileno de alta densidade na cor cinza.<br \/>\nAlta resist\u00eancia a tra\u00e7\u00e3o, flex\u00e3o e impacto.<br \/>\nResist\u00eancia ao trilhamento el\u00e9trico.<br \/>\nProte\u00e7\u00e3o aos raios UV.<br \/>\nPossui garra autotravante que permite maior facilidade na fixa\u00e7\u00e3o do cabo,<br \/>\nassim como uma melhor compatibilidade dos materiais.<\/span><\/p>\n","protected":false},"featured_media":8832,"template":"","meta":[],"product_brand":[],"product_cat":[49],"product_tag":[52,48],"class_list":{"0":"post-8797","1":"product","2":"type-product","3":"status-publish","4":"has-post-thumbnail","6":"product_cat-isoladores","7":"product_tag-autotravante","8":"product_tag-isolador","10":"first","11":"instock","12":"shipping-taxable","13":"product-type-simple"},"_links":{"self":[{"href":"https:\/\/vicentinos.com.br\/es\/wp-json\/wp\/v2\/product\/8797","targetHints":{"allow":["GET"]}}],"collection":[{"href":"https:\/\/vicentinos.com.br\/es\/wp-json\/wp\/v2\/product"}],"about":[{"href":"https:\/\/vicentinos.com.br\/es\/wp-json\/wp\/v2\/types\/product"}],"wp:featuredmedia":[{"embeddable":true,"href":"https:\/\/vicentinos.com.br\/es\/wp-json\/wp\/v2\/media\/8832"}],"wp:attachment":[{"href":"https:\/\/vicentinos.com.br\/es\/wp-json\/wp\/v2\/media?parent=8797"}],"wp:term":[{"taxonomy":"product_brand","embeddable":true,"href":"https:\/\/vicentinos.com.br\/es\/wp-json\/wp\/v2\/product_brand?post=8797"},{"taxonomy":"product_cat","embeddable":true,"href":"https:\/\/vicentinos.com.br\/es\/wp-json\/wp\/v2\/product_cat?post=8797"},{"taxonomy":"product_tag","embeddable":true,"href":"https:\/\/vicentinos.com.br\/es\/wp-json\/wp\/v2\/product_tag?post=8797"}],"curies":[{"name":"wp","href":"https:\/\/api.w.org\/{rel}","templated":true}]}}