{"id":8795,"date":"2025-06-04T20:26:15","date_gmt":"2025-06-04T23:26:15","guid":{"rendered":"https:\/\/azdesigners.com.br\/vicentinos25\/?post_type=product&#038;p=8795"},"modified":"2025-06-04T21:17:33","modified_gmt":"2025-06-05T00:17:33","slug":"isolador-de-ancoragem-para-antena","status":"publish","type":"product","link":"https:\/\/vicentinos.com.br\/es\/produto\/isolador-de-ancoragem-para-antena\/","title":{"rendered":"Isolador de Ancoragem para Antena"},"content":{"rendered":"<p><a href=\"https:\/\/vicentinos.com.br\/wp-content\/uploads\/2024\/08\/antena-2-1.png\"><img fetchpriority=\"high\" decoding=\"async\" class=\"alignnone wp-image-1535 size-full\" src=\"https:\/\/vicentinos.com.br\/wp-content\/uploads\/2024\/08\/antena-2-1.png\" alt=\"\" width=\"564\" height=\"153\" srcset=\"https:\/\/vicentinos.com.br\/wp-content\/uploads\/2024\/08\/antena-2-1.png 564w, https:\/\/vicentinos.com.br\/wp-content\/uploads\/2024\/08\/antena-2-1-300x81.png 300w\" sizes=\"(max-width: 564px) 100vw, 564px\" \/><\/a><\/p>\n<p>&nbsp;<\/p>\n<p><a href=\"https:\/\/vicentinos.com.br\/wp-content\/uploads\/2024\/08\/antena-1.png\"><img decoding=\"async\" class=\"alignnone wp-image-1534 size-full\" src=\"https:\/\/vicentinos.com.br\/wp-content\/uploads\/2024\/08\/antena-1.png\" alt=\"\" width=\"762\" height=\"142\" srcset=\"https:\/\/vicentinos.com.br\/wp-content\/uploads\/2024\/08\/antena-1.png 762w, https:\/\/vicentinos.com.br\/wp-content\/uploads\/2024\/08\/antena-1-600x112.png 600w, https:\/\/vicentinos.com.br\/wp-content\/uploads\/2024\/08\/antena-1-300x56.png 300w\" sizes=\"(max-width: 762px) 100vw, 762px\" \/><\/a><\/p>\n","protected":false},"excerpt":{"rendered":"<p><span class=\"fontstyle0\"><strong>APLICA\u00c7\u00c3O:<\/strong><br \/>\n<\/span><span class=\"fontstyle1\">Utilizado para ancoragem e isola\u00e7\u00e3o dos cabos de a\u00e7o para fixa\u00e7\u00e3o de<br \/>\ntorres e antenas, fornecidos nas cores cinza ou laranja.<\/span><\/p>\n<p><strong><span class=\"fontstyle1\"><br \/>\n<\/span><\/strong><span class=\"fontstyle0\"><strong>CARACTER\u00cdSTICAS:<\/strong><br \/>\n<\/span><span class=\"fontstyle1\">Produzido com revestimento em silicone com n\u00facleo de fibra de vidro<br \/>\nacoplado com terminal met\u00e1lico tipo olhal e garfo.<br \/>\nPossui resist\u00eancia a tra\u00e7\u00e3o de 50 kN e prote\u00e7\u00e3o aos raios UV.<br \/>\nFacil instala\u00e7\u00e3o.<\/span><\/p>\n","protected":false},"featured_media":8828,"template":"","meta":[],"product_brand":[],"product_cat":[49],"product_tag":[48],"class_list":{"0":"post-8795","1":"product","2":"type-product","3":"status-publish","4":"has-post-thumbnail","6":"product_cat-isoladores","7":"product_tag-isolador","9":"first","10":"instock","11":"shipping-taxable","12":"product-type-simple"},"_links":{"self":[{"href":"https:\/\/vicentinos.com.br\/es\/wp-json\/wp\/v2\/product\/8795","targetHints":{"allow":["GET"]}}],"collection":[{"href":"https:\/\/vicentinos.com.br\/es\/wp-json\/wp\/v2\/product"}],"about":[{"href":"https:\/\/vicentinos.com.br\/es\/wp-json\/wp\/v2\/types\/product"}],"wp:featuredmedia":[{"embeddable":true,"href":"https:\/\/vicentinos.com.br\/es\/wp-json\/wp\/v2\/media\/8828"}],"wp:attachment":[{"href":"https:\/\/vicentinos.com.br\/es\/wp-json\/wp\/v2\/media?parent=8795"}],"wp:term":[{"taxonomy":"product_brand","embeddable":true,"href":"https:\/\/vicentinos.com.br\/es\/wp-json\/wp\/v2\/product_brand?post=8795"},{"taxonomy":"product_cat","embeddable":true,"href":"https:\/\/vicentinos.com.br\/es\/wp-json\/wp\/v2\/product_cat?post=8795"},{"taxonomy":"product_tag","embeddable":true,"href":"https:\/\/vicentinos.com.br\/es\/wp-json\/wp\/v2\/product_tag?post=8795"}],"curies":[{"name":"wp","href":"https:\/\/api.w.org\/{rel}","templated":true}]}}