{"id":10098,"date":"2025-06-10T20:36:38","date_gmt":"2025-06-10T23:36:38","guid":{"rendered":"https:\/\/azdesigners.com.br\/vicentinos25\/?post_type=product&#038;p=10098"},"modified":"2025-07-22T20:38:55","modified_gmt":"2025-07-22T23:38:55","slug":"braco-e-grampo-de-suspensao","status":"publish","type":"product","link":"https:\/\/vicentinos.com.br\/es\/produto\/braco-e-grampo-de-suspensao\/","title":{"rendered":"Bra\u00e7o e Grampo de Suspens\u00e3o"},"content":{"rendered":"<p>&nbsp;<\/p>\n<p><img fetchpriority=\"high\" decoding=\"async\" class=\"alignnone size-medium wp-image-12071\" src=\"https:\/\/vicentinos.com.br\/wp-content\/uploads\/2025\/06\/braco-grampo-suspensao-desenho-300x229.png\" alt=\"\" width=\"300\" height=\"229\" srcset=\"https:\/\/vicentinos.com.br\/wp-content\/uploads\/2025\/06\/braco-grampo-suspensao-desenho-300x229.png 300w, https:\/\/vicentinos.com.br\/wp-content\/uploads\/2025\/06\/braco-grampo-suspensao-desenho.png 593w\" sizes=\"(max-width: 300px) 100vw, 300px\" \/><\/p>\n<p><img decoding=\"async\" class=\"alignnone  wp-image-12074\" src=\"https:\/\/vicentinos.com.br\/wp-content\/uploads\/2025\/06\/braco-grampo-suspensao-tabela-300x62.png\" alt=\"\" width=\"934\" height=\"193\" srcset=\"https:\/\/vicentinos.com.br\/wp-content\/uploads\/2025\/06\/braco-grampo-suspensao-tabela-300x62.png 300w, https:\/\/vicentinos.com.br\/wp-content\/uploads\/2025\/06\/braco-grampo-suspensao-tabela-1024x213.png 1024w, https:\/\/vicentinos.com.br\/wp-content\/uploads\/2025\/06\/braco-grampo-suspensao-tabela-768x160.png 768w, https:\/\/vicentinos.com.br\/wp-content\/uploads\/2025\/06\/braco-grampo-suspensao-tabela-1170x243.png 1170w, https:\/\/vicentinos.com.br\/wp-content\/uploads\/2025\/06\/braco-grampo-suspensao-tabela-600x125.png 600w, https:\/\/vicentinos.com.br\/wp-content\/uploads\/2025\/06\/braco-grampo-suspensao-tabela.png 1615w\" sizes=\"(max-width: 934px) 100vw, 934px\" \/><\/p>\n<p>&nbsp;<\/p>\n","protected":false},"excerpt":{"rendered":"<p><span class=\"fontstyle0\"><strong>APLICA\u00c7\u00c3O:<\/strong><br \/>\n<\/span><span class=\"fontstyle1\">Usado no cabo mensageiro para sustenta\u00e7\u00e3o da rede multiplexada de baixa e m\u00e9dia tens\u00e3o.<\/span><\/p>\n<p><span class=\"fontstyle1\"><br \/>\n<\/span><span class=\"fontstyle0\"><strong>CARACTER\u00cdSTICAS:<\/strong><br \/>\n<\/span><span class=\"fontstyle1\">Grampo:<br \/>\nProduzido em pol\u00edmero de grande resist\u00eancia mec\u00e2nica<br \/>\nPossui elo para fechamento no olhal do bra\u00e7o<br \/>\nPossui regulador de travamento para cabos com \u00d8 08 a 16mm<br \/>\nBra\u00e7o: Produzido em liga de alum\u00ednio com resist\u00eancia a tra\u00e7\u00e3o 1000 daN sem ruptura.<\/span><\/p>\n","protected":false},"featured_media":10139,"template":"","meta":[],"product_brand":[],"product_cat":[111],"product_tag":[],"class_list":{"0":"post-10098","1":"product","2":"type-product","3":"status-publish","4":"has-post-thumbnail","6":"product_cat-bracos","8":"first","9":"instock","10":"shipping-taxable","11":"product-type-simple"},"_links":{"self":[{"href":"https:\/\/vicentinos.com.br\/es\/wp-json\/wp\/v2\/product\/10098","targetHints":{"allow":["GET"]}}],"collection":[{"href":"https:\/\/vicentinos.com.br\/es\/wp-json\/wp\/v2\/product"}],"about":[{"href":"https:\/\/vicentinos.com.br\/es\/wp-json\/wp\/v2\/types\/product"}],"wp:featuredmedia":[{"embeddable":true,"href":"https:\/\/vicentinos.com.br\/es\/wp-json\/wp\/v2\/media\/10139"}],"wp:attachment":[{"href":"https:\/\/vicentinos.com.br\/es\/wp-json\/wp\/v2\/media?parent=10098"}],"wp:term":[{"taxonomy":"product_brand","embeddable":true,"href":"https:\/\/vicentinos.com.br\/es\/wp-json\/wp\/v2\/product_brand?post=10098"},{"taxonomy":"product_cat","embeddable":true,"href":"https:\/\/vicentinos.com.br\/es\/wp-json\/wp\/v2\/product_cat?post=10098"},{"taxonomy":"product_tag","embeddable":true,"href":"https:\/\/vicentinos.com.br\/es\/wp-json\/wp\/v2\/product_tag?post=10098"}],"curies":[{"name":"wp","href":"https:\/\/api.w.org\/{rel}","templated":true}]}}