{"id":10095,"date":"2025-06-10T20:36:38","date_gmt":"2025-06-10T23:36:38","guid":{"rendered":"https:\/\/azdesigners.com.br\/vicentinos25\/?post_type=product&#038;p=10095"},"modified":"2025-06-10T20:42:29","modified_gmt":"2025-06-10T23:42:29","slug":"pino-polimerico-para-isolador-de-pino","status":"publish","type":"product","link":"https:\/\/vicentinos.com.br\/es\/produto\/pino-polimerico-para-isolador-de-pino\/","title":{"rendered":"Pino Polim\u00e9rico para Isolador de Pino"},"content":{"rendered":"<p><a href=\"https:\/\/vicentinos.com.br\/wp-content\/uploads\/2024\/08\/pino-polimerico2.png\"><img fetchpriority=\"high\" decoding=\"async\" class=\"alignnone wp-image-1723 size-full\" src=\"https:\/\/vicentinos.com.br\/wp-content\/uploads\/2024\/08\/pino-polimerico2.png\" alt=\"\" width=\"431\" height=\"186\" \/><\/a><\/p>\n<p>&nbsp;<\/p>\n<p><a href=\"https:\/\/vicentinos.com.br\/wp-content\/uploads\/2024\/08\/pino-polimerico-1.png\"><img decoding=\"async\" class=\"alignnone wp-image-1724 size-full\" src=\"https:\/\/vicentinos.com.br\/wp-content\/uploads\/2024\/08\/pino-polimerico-1.png\" alt=\"\" width=\"1007\" height=\"255\" \/><\/a><\/p>\n","protected":false},"excerpt":{"rendered":"<p><span class=\"fontstyle0\"><strong>APLICA\u00c7\u00c3O:<\/strong><br \/>\n<\/span><span class=\"fontstyle0\">Utilizado para fixa\u00e7\u00e3o do isolador de pino nas estruturas.<\/span><\/p>\n<p><span class=\"fontstyle0\"><br \/>\n<\/span><span class=\"fontstyle2\"><strong>CARACTER\u00cdSTICAS:<\/strong><br \/>\n<\/span><span class=\"fontstyle0\">Material polim\u00e9rico na cor cinza ou preta.<br \/>\nAlta resist\u00eancia mec\u00e2nica a tra\u00e7\u00e3o, flex\u00e3o e compress\u00e3o.<br \/>\nResist\u00eancia ao trilhamento el\u00e9trico<br \/>\nProte\u00e7\u00e3o aos raios UV.<br \/>\nDispon\u00edvel nos modelos com rosca interna e externa.<\/span><\/p>\n","protected":false},"featured_media":10133,"template":"","meta":[],"product_brand":[],"product_cat":[105],"product_tag":[],"class_list":{"0":"post-10095","1":"product","2":"type-product","3":"status-publish","4":"has-post-thumbnail","6":"product_cat-pinos","8":"first","9":"instock","10":"shipping-taxable","11":"product-type-simple"},"_links":{"self":[{"href":"https:\/\/vicentinos.com.br\/es\/wp-json\/wp\/v2\/product\/10095","targetHints":{"allow":["GET"]}}],"collection":[{"href":"https:\/\/vicentinos.com.br\/es\/wp-json\/wp\/v2\/product"}],"about":[{"href":"https:\/\/vicentinos.com.br\/es\/wp-json\/wp\/v2\/types\/product"}],"wp:featuredmedia":[{"embeddable":true,"href":"https:\/\/vicentinos.com.br\/es\/wp-json\/wp\/v2\/media\/10133"}],"wp:attachment":[{"href":"https:\/\/vicentinos.com.br\/es\/wp-json\/wp\/v2\/media?parent=10095"}],"wp:term":[{"taxonomy":"product_brand","embeddable":true,"href":"https:\/\/vicentinos.com.br\/es\/wp-json\/wp\/v2\/product_brand?post=10095"},{"taxonomy":"product_cat","embeddable":true,"href":"https:\/\/vicentinos.com.br\/es\/wp-json\/wp\/v2\/product_cat?post=10095"},{"taxonomy":"product_tag","embeddable":true,"href":"https:\/\/vicentinos.com.br\/es\/wp-json\/wp\/v2\/product_tag?post=10095"}],"curies":[{"name":"wp","href":"https:\/\/api.w.org\/{rel}","templated":true}]}}