{"id":10094,"date":"2025-06-10T20:36:38","date_gmt":"2025-06-10T23:36:38","guid":{"rendered":"https:\/\/azdesigners.com.br\/vicentinos25\/?post_type=product&#038;p=10094"},"modified":"2025-07-14T22:44:53","modified_gmt":"2025-07-15T01:44:53","slug":"cunha-polimerica-separadora-de-fases","status":"publish","type":"product","link":"https:\/\/vicentinos.com.br\/es\/produto\/cunha-polimerica-separadora-de-fases\/","title":{"rendered":"Cunha Polim\u00e9rica Separadora de Fases"},"content":{"rendered":"<p><a href=\"https:\/\/vicentinos.com.br\/wp-content\/uploads\/2024\/08\/cunha-separadora-2.png\"><img fetchpriority=\"high\" decoding=\"async\" class=\"alignnone wp-image-1718 size-full\" src=\"https:\/\/vicentinos.com.br\/wp-content\/uploads\/2024\/08\/cunha-separadora-2.png\" alt=\"\" width=\"266\" height=\"209\" \/><\/a><\/p>\n<p>&nbsp;<\/p>\n<p><a href=\"https:\/\/vicentinos.com.br\/wp-content\/uploads\/2024\/08\/cunha-separadora.png\"><img decoding=\"async\" class=\"alignnone wp-image-1719 size-full\" src=\"https:\/\/vicentinos.com.br\/wp-content\/uploads\/2024\/08\/cunha-separadora.png\" alt=\"\" width=\"734\" height=\"189\" \/><\/a><\/p>\n","protected":false},"excerpt":{"rendered":"<p><span class=\"fontstyle0\"><strong>APLICA\u00c7\u00c3O:<\/strong><br \/>\n<\/span><span class=\"fontstyle1\">Utilizada como ferramenta para abertura dos cabos de rede multiplexada para conex\u00e3o.<\/span><\/p>\n<p><strong><span class=\"fontstyle1\"><br \/>\n<\/span><span class=\"fontstyle0\">CARACTER\u00cdSTICAS:<br \/>\n<\/span><\/strong><span class=\"fontstyle1\">Produzido em polietileno de alta densidade na cor cinza.<br \/>\nPossui alta resist\u00eancia mec\u00e2nica.<br \/>\nProte\u00e7\u00e3o anti UV.<br \/>\nF\u00e1cil instala\u00e7\u00e3o<\/span><\/p>\n","protected":false},"featured_media":10132,"template":"","meta":[],"product_brand":[],"product_cat":[87],"product_tag":[],"class_list":{"0":"post-10094","1":"product","2":"type-product","3":"status-publish","4":"has-post-thumbnail","6":"product_cat-diversos","8":"first","9":"instock","10":"shipping-taxable","11":"product-type-simple"},"_links":{"self":[{"href":"https:\/\/vicentinos.com.br\/es\/wp-json\/wp\/v2\/product\/10094","targetHints":{"allow":["GET"]}}],"collection":[{"href":"https:\/\/vicentinos.com.br\/es\/wp-json\/wp\/v2\/product"}],"about":[{"href":"https:\/\/vicentinos.com.br\/es\/wp-json\/wp\/v2\/types\/product"}],"wp:featuredmedia":[{"embeddable":true,"href":"https:\/\/vicentinos.com.br\/es\/wp-json\/wp\/v2\/media\/10132"}],"wp:attachment":[{"href":"https:\/\/vicentinos.com.br\/es\/wp-json\/wp\/v2\/media?parent=10094"}],"wp:term":[{"taxonomy":"product_brand","embeddable":true,"href":"https:\/\/vicentinos.com.br\/es\/wp-json\/wp\/v2\/product_brand?post=10094"},{"taxonomy":"product_cat","embeddable":true,"href":"https:\/\/vicentinos.com.br\/es\/wp-json\/wp\/v2\/product_cat?post=10094"},{"taxonomy":"product_tag","embeddable":true,"href":"https:\/\/vicentinos.com.br\/es\/wp-json\/wp\/v2\/product_tag?post=10094"}],"curies":[{"name":"wp","href":"https:\/\/api.w.org\/{rel}","templated":true}]}}