{"id":10092,"date":"2025-06-10T20:36:38","date_gmt":"2025-06-10T23:36:38","guid":{"rendered":"https:\/\/azdesigners.com.br\/vicentinos25\/?post_type=product&#038;p=10092"},"modified":"2025-06-10T20:41:49","modified_gmt":"2025-06-10T23:41:49","slug":"poste-de-entrada","status":"publish","type":"product","link":"https:\/\/vicentinos.com.br\/es\/produto\/poste-de-entrada\/","title":{"rendered":"Poste de Entrada"},"content":{"rendered":"<p><a href=\"https:\/\/vicentinos.com.br\/wp-content\/uploads\/2024\/08\/poste2.png\"><img fetchpriority=\"high\" decoding=\"async\" class=\"alignnone wp-image-1707 size-full\" src=\"https:\/\/vicentinos.com.br\/wp-content\/uploads\/2024\/08\/poste2.png\" alt=\"\" width=\"188\" height=\"308\" \/><\/a><\/p>\n<p>&nbsp;<\/p>\n<p><a href=\"https:\/\/vicentinos.com.br\/wp-content\/uploads\/2024\/08\/poste.png\"><img decoding=\"async\" class=\"alignnone wp-image-1708 size-full\" src=\"https:\/\/vicentinos.com.br\/wp-content\/uploads\/2024\/08\/poste.png\" alt=\"\" width=\"973\" height=\"198\" \/><\/a><\/p>\n","protected":false},"excerpt":{"rendered":"<p><span class=\"fontstyle0\"><strong>APLICA\u00c7\u00c3O:<\/strong><br \/>\n<\/span><span class=\"fontstyle1\">Componente do padr\u00e3o de entrada do consumidor destinado a suportar os<br \/>\nesfor\u00e7os mec\u00e2nicos provenientes do ramal de entrada e deriva\u00e7\u00e3o dos cabos de<br \/>\nentrada do usu\u00e1rio, caixas de medi\u00e7\u00e3o e aterramento.<\/span><\/p>\n<p><span class=\"fontstyle1\"><br \/>\n<\/span><span class=\"fontstyle0\"><strong>CARACTER\u00cdSTICAS:<\/strong><br \/>\n<\/span><span class=\"fontstyle1\">Fabricado com resina poliester e fibra de vidro \u201cPRFV\u201d, que com adi\u00e7\u00e3o de<br \/>\naditivos gera um produto de alta durabilidade, baixo peso, com prote\u00e7\u00e3o aos<br \/>\nraios uv e retardante de chamas.<\/span><\/p>\n","protected":false},"featured_media":10127,"template":"","meta":[],"product_brand":[],"product_cat":[94],"product_tag":[],"class_list":{"0":"post-10092","1":"product","2":"type-product","3":"status-publish","4":"has-post-thumbnail","6":"product_cat-cruzetas","8":"first","9":"instock","10":"shipping-taxable","11":"product-type-simple"},"_links":{"self":[{"href":"https:\/\/vicentinos.com.br\/es\/wp-json\/wp\/v2\/product\/10092","targetHints":{"allow":["GET"]}}],"collection":[{"href":"https:\/\/vicentinos.com.br\/es\/wp-json\/wp\/v2\/product"}],"about":[{"href":"https:\/\/vicentinos.com.br\/es\/wp-json\/wp\/v2\/types\/product"}],"wp:featuredmedia":[{"embeddable":true,"href":"https:\/\/vicentinos.com.br\/es\/wp-json\/wp\/v2\/media\/10127"}],"wp:attachment":[{"href":"https:\/\/vicentinos.com.br\/es\/wp-json\/wp\/v2\/media?parent=10092"}],"wp:term":[{"taxonomy":"product_brand","embeddable":true,"href":"https:\/\/vicentinos.com.br\/es\/wp-json\/wp\/v2\/product_brand?post=10092"},{"taxonomy":"product_cat","embeddable":true,"href":"https:\/\/vicentinos.com.br\/es\/wp-json\/wp\/v2\/product_cat?post=10092"},{"taxonomy":"product_tag","embeddable":true,"href":"https:\/\/vicentinos.com.br\/es\/wp-json\/wp\/v2\/product_tag?post=10092"}],"curies":[{"name":"wp","href":"https:\/\/api.w.org\/{rel}","templated":true}]}}