{"id":10091,"date":"2025-06-10T20:36:38","date_gmt":"2025-06-10T23:36:38","guid":{"rendered":"https:\/\/azdesigners.com.br\/vicentinos25\/?post_type=product&#038;p=10091"},"modified":"2025-06-10T20:41:37","modified_gmt":"2025-06-10T23:41:37","slug":"cruzeta-polimerica","status":"publish","type":"product","link":"https:\/\/vicentinos.com.br\/es\/produto\/cruzeta-polimerica\/","title":{"rendered":"Cruzeta Polim\u00e9rica"},"content":{"rendered":"<p><a href=\"https:\/\/vicentinos.com.br\/wp-content\/uploads\/2024\/08\/cruzeta.png\"><img decoding=\"async\" class=\"alignnone wp-image-1699 size-full\" src=\"https:\/\/vicentinos.com.br\/wp-content\/uploads\/2024\/08\/cruzeta.png\" alt=\"\" width=\"281\" height=\"129\" \/><\/a><\/p>\n<p>&nbsp;<\/p>\n<p><a href=\"https:\/\/vicentinos.com.br\/wp-content\/uploads\/2024\/08\/cruzeta2.png\"><img fetchpriority=\"high\" decoding=\"async\" class=\"alignnone wp-image-1700 size-full\" src=\"https:\/\/vicentinos.com.br\/wp-content\/uploads\/2024\/08\/cruzeta2.png\" alt=\"\" width=\"752\" height=\"237\" \/><\/a><\/p>\n","protected":false},"excerpt":{"rendered":"<p><span class=\"fontstyle0\"><strong>APLICA\u00c7\u00c3O:<\/strong><br \/>\n<\/span><span class=\"fontstyle1\">Utilizadas principalmente nas redes<br \/>\na\u00e9reas de distribui\u00e7\u00e3o de energia el\u00e9trica de<br \/>\n15\/35kv, destinadas a suportar os esfor\u00e7os<br \/>\nmec\u00e2nicos provenientes dos isoladores, condutores<br \/>\n<\/span><span class=\"fontstyle1\">ou outros acess\u00f3rios.<\/span><\/p>\n<p><span class=\"fontstyle1\"><br \/>\n<\/span><span class=\"fontstyle0\"><strong>CARACTER\u00cdSTICAS:<\/strong><br \/>\n<\/span><span class=\"fontstyle1\">Fabricado com resina poli\u00e9ster e fibra de vidro gerando o<br \/>\ncomposto\u201cPRFV\u201d, que com adi\u00e7\u00e3o de aditivos gera um produto<br \/>\nde alta durabilidade, baixo peso, com prote\u00e7\u00e3o aos raios U.V e<br \/>\nretardante de chamas<\/span><\/p>\n","protected":false},"featured_media":10126,"template":"","meta":[],"product_brand":[],"product_cat":[94],"product_tag":[],"class_list":{"0":"post-10091","1":"product","2":"type-product","3":"status-publish","4":"has-post-thumbnail","6":"product_cat-cruzetas","8":"first","9":"instock","10":"shipping-taxable","11":"product-type-simple"},"_links":{"self":[{"href":"https:\/\/vicentinos.com.br\/es\/wp-json\/wp\/v2\/product\/10091","targetHints":{"allow":["GET"]}}],"collection":[{"href":"https:\/\/vicentinos.com.br\/es\/wp-json\/wp\/v2\/product"}],"about":[{"href":"https:\/\/vicentinos.com.br\/es\/wp-json\/wp\/v2\/types\/product"}],"wp:featuredmedia":[{"embeddable":true,"href":"https:\/\/vicentinos.com.br\/es\/wp-json\/wp\/v2\/media\/10126"}],"wp:attachment":[{"href":"https:\/\/vicentinos.com.br\/es\/wp-json\/wp\/v2\/media?parent=10091"}],"wp:term":[{"taxonomy":"product_brand","embeddable":true,"href":"https:\/\/vicentinos.com.br\/es\/wp-json\/wp\/v2\/product_brand?post=10091"},{"taxonomy":"product_cat","embeddable":true,"href":"https:\/\/vicentinos.com.br\/es\/wp-json\/wp\/v2\/product_cat?post=10091"},{"taxonomy":"product_tag","embeddable":true,"href":"https:\/\/vicentinos.com.br\/es\/wp-json\/wp\/v2\/product_tag?post=10091"}],"curies":[{"name":"wp","href":"https:\/\/api.w.org\/{rel}","templated":true}]}}