{"id":10090,"date":"2025-06-10T20:36:38","date_gmt":"2025-06-10T23:36:38","guid":{"rendered":"https:\/\/azdesigners.com.br\/vicentinos25\/?post_type=product&#038;p=10090"},"modified":"2025-06-10T20:41:21","modified_gmt":"2025-06-10T23:41:21","slug":"grampo-de-ancoragem-universal","status":"publish","type":"product","link":"https:\/\/vicentinos.com.br\/es\/produto\/grampo-de-ancoragem-universal\/","title":{"rendered":"Grampo de Ancoragem Universal"},"content":{"rendered":"<p><a href=\"https:\/\/vicentinos.com.br\/wp-content\/uploads\/2024\/08\/GRAMPO-DE-ANCORAGEM-UNIVERSAL2.png\"><img fetchpriority=\"high\" decoding=\"async\" class=\"alignnone wp-image-1695 size-full\" src=\"https:\/\/vicentinos.com.br\/wp-content\/uploads\/2024\/08\/GRAMPO-DE-ANCORAGEM-UNIVERSAL2.png\" alt=\"\" width=\"158\" height=\"354\" \/><\/a><\/p>\n<p>&nbsp;<\/p>\n<p><a href=\"https:\/\/vicentinos.com.br\/wp-content\/uploads\/2024\/08\/GRAMPO-DE-ANCORAGEM-UNIVERSAL.png\"><img decoding=\"async\" class=\"alignnone wp-image-1694 size-full\" src=\"https:\/\/vicentinos.com.br\/wp-content\/uploads\/2024\/08\/GRAMPO-DE-ANCORAGEM-UNIVERSAL.png\" alt=\"\" width=\"1068\" height=\"185\" \/><\/a><\/p>\n","protected":false},"excerpt":{"rendered":"<p><span class=\"fontstyle0\"><strong>APLICA\u00c7\u00c3O:<\/strong><br \/>\n<\/span><span class=\"fontstyle1\">Utilizado em redes a\u00e9reas de distribui\u00e7\u00e3o de energia, na ancoragem dos cabos em<br \/>\nestruturas de encabe\u00e7amento.<\/span><\/p>\n<p><span class=\"fontstyle1\"><br \/>\n<\/span><span class=\"fontstyle0\"><strong>CARACTER\u00cdSTICAS:<\/strong><br \/>\n<\/span><span class=\"fontstyle1\">CORPO: produzido em liga de alum\u00ednio de alta resist\u00eancia mec\u00e2nica e a salinidade.<br \/>\nCUNHA: produzido em pol\u00edmero de alta resist\u00eancia mec\u00e2nica, el\u00e9trica e aos raios UV.<br \/>\nESTRIBO: produzido em a\u00e7o inoxid\u00e1vel.<br \/>\nProporciona facilidade e agilidade no manuseio, melhor log\u00edstica<br \/>\nna aquisi\u00e7\u00e3o, estocagem e instala\u00e7\u00e3o do produto.<\/span><\/p>\n","protected":false},"featured_media":10119,"template":"","meta":[],"product_brand":[],"product_cat":[91],"product_tag":[],"class_list":{"0":"post-10090","1":"product","2":"type-product","3":"status-publish","4":"has-post-thumbnail","6":"product_cat-grampos","8":"first","9":"instock","10":"shipping-taxable","11":"product-type-simple"},"_links":{"self":[{"href":"https:\/\/vicentinos.com.br\/es\/wp-json\/wp\/v2\/product\/10090","targetHints":{"allow":["GET"]}}],"collection":[{"href":"https:\/\/vicentinos.com.br\/es\/wp-json\/wp\/v2\/product"}],"about":[{"href":"https:\/\/vicentinos.com.br\/es\/wp-json\/wp\/v2\/types\/product"}],"wp:featuredmedia":[{"embeddable":true,"href":"https:\/\/vicentinos.com.br\/es\/wp-json\/wp\/v2\/media\/10119"}],"wp:attachment":[{"href":"https:\/\/vicentinos.com.br\/es\/wp-json\/wp\/v2\/media?parent=10090"}],"wp:term":[{"taxonomy":"product_brand","embeddable":true,"href":"https:\/\/vicentinos.com.br\/es\/wp-json\/wp\/v2\/product_brand?post=10090"},{"taxonomy":"product_cat","embeddable":true,"href":"https:\/\/vicentinos.com.br\/es\/wp-json\/wp\/v2\/product_cat?post=10090"},{"taxonomy":"product_tag","embeddable":true,"href":"https:\/\/vicentinos.com.br\/es\/wp-json\/wp\/v2\/product_tag?post=10090"}],"curies":[{"name":"wp","href":"https:\/\/api.w.org\/{rel}","templated":true}]}}