{"id":10088,"date":"2025-06-10T20:36:38","date_gmt":"2025-06-10T23:36:38","guid":{"rendered":"https:\/\/azdesigners.com.br\/vicentinos25\/?post_type=product&#038;p=10088"},"modified":"2025-07-07T16:03:39","modified_gmt":"2025-07-07T19:03:39","slug":"placa-sinalizadora-de-estai","status":"publish","type":"product","link":"https:\/\/vicentinos.com.br\/es\/produto\/placa-sinalizadora-de-estai\/","title":{"rendered":"Placa Sinalizadora de Estai"},"content":{"rendered":"<p><a href=\"https:\/\/vicentinos.com.br\/wp-content\/uploads\/2024\/08\/placa-estai2.png\"><img fetchpriority=\"high\" decoding=\"async\" class=\"alignnone wp-image-1685 size-full\" src=\"https:\/\/vicentinos.com.br\/wp-content\/uploads\/2024\/08\/placa-estai2.png\" alt=\"\" width=\"382\" height=\"237\" \/><\/a><\/p>\n<p>&nbsp;<\/p>\n<p><a href=\"https:\/\/vicentinos.com.br\/wp-content\/uploads\/2024\/08\/placa-estai.png\"><img decoding=\"async\" class=\"alignnone wp-image-1686 size-full\" src=\"https:\/\/vicentinos.com.br\/wp-content\/uploads\/2024\/08\/placa-estai.png\" alt=\"\" width=\"979\" height=\"176\" \/><\/a><\/p>\n","protected":false},"excerpt":{"rendered":"<p><span class=\"fontstyle0\"><strong>APLICA\u00c7\u00c3O:<\/strong><br \/>\n<\/span><span class=\"fontstyle1\">\u00c9 aplicada para a sinaliza\u00e7\u00e3o de estai, urbanos ou<br \/>\nrurais, com ou sem vegeta\u00e7\u00e3o.<\/span><\/p>\n<p><strong><span class=\"fontstyle1\"><br \/>\n<\/span><\/strong><span class=\"fontstyle0\"><strong>CARACTER\u00cdSTICAS:<\/strong><br \/>\n<\/span><span class=\"fontstyle1\">Produzida em polietileno com alta resist\u00eancia \u00e0s<br \/>\nintemp\u00e9ries, trilhamento el\u00e9trico e<br \/>\naos raios ultravioletas, na cor laranja fluorescente.<\/span><\/p>\n<p><span class=\"fontstyle0\">podendo existir em outras varia\u00e7\u00f5es de cor (cinza\/laranja);<\/span><\/p>\n","protected":false},"featured_media":10111,"template":"","meta":[],"product_brand":[],"product_cat":[87],"product_tag":[],"class_list":{"0":"post-10088","1":"product","2":"type-product","3":"status-publish","4":"has-post-thumbnail","6":"product_cat-diversos","8":"first","9":"instock","10":"shipping-taxable","11":"product-type-simple"},"_links":{"self":[{"href":"https:\/\/vicentinos.com.br\/es\/wp-json\/wp\/v2\/product\/10088","targetHints":{"allow":["GET"]}}],"collection":[{"href":"https:\/\/vicentinos.com.br\/es\/wp-json\/wp\/v2\/product"}],"about":[{"href":"https:\/\/vicentinos.com.br\/es\/wp-json\/wp\/v2\/types\/product"}],"wp:featuredmedia":[{"embeddable":true,"href":"https:\/\/vicentinos.com.br\/es\/wp-json\/wp\/v2\/media\/10111"}],"wp:attachment":[{"href":"https:\/\/vicentinos.com.br\/es\/wp-json\/wp\/v2\/media?parent=10088"}],"wp:term":[{"taxonomy":"product_brand","embeddable":true,"href":"https:\/\/vicentinos.com.br\/es\/wp-json\/wp\/v2\/product_brand?post=10088"},{"taxonomy":"product_cat","embeddable":true,"href":"https:\/\/vicentinos.com.br\/es\/wp-json\/wp\/v2\/product_cat?post=10088"},{"taxonomy":"product_tag","embeddable":true,"href":"https:\/\/vicentinos.com.br\/es\/wp-json\/wp\/v2\/product_tag?post=10088"}],"curies":[{"name":"wp","href":"https:\/\/api.w.org\/{rel}","templated":true}]}}