{"id":10081,"date":"2025-06-10T20:36:37","date_gmt":"2025-06-10T23:36:37","guid":{"rendered":"https:\/\/azdesigners.com.br\/vicentinos25\/?post_type=product&#038;p=10081"},"modified":"2025-06-10T20:38:21","modified_gmt":"2025-06-10T23:38:21","slug":"cobertura-protetora-para-de-passaros","status":"publish","type":"product","link":"https:\/\/vicentinos.com.br\/es\/produto\/cobertura-protetora-para-de-passaros\/","title":{"rendered":"Cobertura Protetora para de P\u00e1ssaros"},"content":{"rendered":"<p><a href=\"https:\/\/vicentinos.com.br\/wp-content\/uploads\/2024\/08\/cobertura-para-passaros2.png\"><img fetchpriority=\"high\" decoding=\"async\" class=\"alignnone wp-image-1614 size-full\" src=\"https:\/\/vicentinos.com.br\/wp-content\/uploads\/2024\/08\/cobertura-para-passaros2.png\" alt=\"\" width=\"516\" height=\"183\" \/><\/a><\/p>\n<p>&nbsp;<\/p>\n<p><a href=\"https:\/\/vicentinos.com.br\/wp-content\/uploads\/2024\/08\/cobertura-para-passaros.png\"><img decoding=\"async\" class=\"alignnone wp-image-1616 size-full\" src=\"https:\/\/vicentinos.com.br\/wp-content\/uploads\/2024\/08\/cobertura-para-passaros.png\" alt=\"\" width=\"985\" height=\"179\" \/><\/a><\/p>\n","protected":false},"excerpt":{"rendered":"<p><span class=\"fontstyle0\"><strong>APLICA\u00c7\u00c3O:<\/strong><br \/>\n<\/span><span class=\"fontstyle1\">\u00c9 aplicado na rede de distrubui\u00e7\u00e3o para evitar o contato dos grandes<br \/>\np\u00e1ssaros com os cabos.<br \/>\nMantem o distanciamento das pipas, protegendo o isolador e evitando o desligamento do sistema.<\/span><\/p>\n<p><span class=\"fontstyle1\"><br \/>\n<\/span><span class=\"fontstyle0\"><strong>CARACTER\u00cdSTICAS:<\/strong><br \/>\n<\/span><span class=\"fontstyle1\">Produzido em polietileno de alta densidade na cor cinza.<br \/>\nProte\u00e7\u00e3o aos raios UV e resistencia ao trilhamento el\u00e9trico.<br \/>\nF\u00e1cil instala\u00e7\u00e3o.<\/span><\/p>\n","protected":false},"featured_media":10104,"template":"","meta":[],"product_brand":[],"product_cat":[69],"product_tag":[],"class_list":{"0":"post-10081","1":"product","2":"type-product","3":"status-publish","4":"has-post-thumbnail","6":"product_cat-coberturas","8":"first","9":"instock","10":"shipping-taxable","11":"product-type-simple"},"_links":{"self":[{"href":"https:\/\/vicentinos.com.br\/es\/wp-json\/wp\/v2\/product\/10081","targetHints":{"allow":["GET"]}}],"collection":[{"href":"https:\/\/vicentinos.com.br\/es\/wp-json\/wp\/v2\/product"}],"about":[{"href":"https:\/\/vicentinos.com.br\/es\/wp-json\/wp\/v2\/types\/product"}],"wp:featuredmedia":[{"embeddable":true,"href":"https:\/\/vicentinos.com.br\/es\/wp-json\/wp\/v2\/media\/10104"}],"wp:attachment":[{"href":"https:\/\/vicentinos.com.br\/es\/wp-json\/wp\/v2\/media?parent=10081"}],"wp:term":[{"taxonomy":"product_brand","embeddable":true,"href":"https:\/\/vicentinos.com.br\/es\/wp-json\/wp\/v2\/product_brand?post=10081"},{"taxonomy":"product_cat","embeddable":true,"href":"https:\/\/vicentinos.com.br\/es\/wp-json\/wp\/v2\/product_cat?post=10081"},{"taxonomy":"product_tag","embeddable":true,"href":"https:\/\/vicentinos.com.br\/es\/wp-json\/wp\/v2\/product_tag?post=10081"}],"curies":[{"name":"wp","href":"https:\/\/api.w.org\/{rel}","templated":true}]}}