{"id":12154,"date":"2025-07-22T21:54:23","date_gmt":"2025-07-23T00:54:23","guid":{"rendered":"https:\/\/vicentinos.com.br\/?post_type=product&#038;p=12154"},"modified":"2025-07-22T21:54:29","modified_gmt":"2025-07-23T00:54:29","slug":"grampo-de-ancoragem","status":"publish","type":"product","link":"https:\/\/vicentinos.com.br\/en\/product\/grampo-de-ancoragem\/","title":{"rendered":"Grampo de Ancoragem"},"content":{"rendered":"<p><a href=\"https:\/\/vicentinos.com.br\/wp-content\/uploads\/2024\/08\/grampo-de-ancoragem2.png\"><img fetchpriority=\"high\" decoding=\"async\" class=\"alignnone wp-image-1690 size-full\" src=\"https:\/\/vicentinos.com.br\/wp-content\/uploads\/2024\/08\/grampo-de-ancoragem2.png\" alt=\"\" width=\"297\" height=\"192\" \/><\/a><\/p>\n<p>&nbsp;<\/p>\n<p><a href=\"https:\/\/vicentinos.com.br\/wp-content\/uploads\/2024\/08\/grampo-de-ancoragem-1.png\"><img decoding=\"async\" class=\"alignnone wp-image-1691 size-full\" src=\"https:\/\/vicentinos.com.br\/wp-content\/uploads\/2024\/08\/grampo-de-ancoragem-1.png\" alt=\"\" width=\"1001\" height=\"222\" \/><\/a><\/p>\n","protected":false},"excerpt":{"rendered":"<p><span class=\"fontstyle0\"><strong>APLICA\u00c7\u00c3O:<\/strong><br \/>\n<\/span><span class=\"fontstyle1\">Utilizado na ancoragem simples ou dupla de cabos protegidos na<br \/>\nrede a\u00e9rea de distribui\u00e7\u00e3o, em estruturas de encabe\u00e7amento.<\/span><\/p>\n<p><strong><span class=\"fontstyle1\"><br \/>\n<\/span><\/strong><span class=\"fontstyle0\"><strong>CARACTER\u00cdSTICAS:<\/strong><br \/>\n<\/span><span class=\"fontstyle1\">Possui tirante em a\u00e7o inoxid\u00e1vel ou galvanizado por imers\u00e3o a<br \/>\nquente.<br \/>\nCorpo em liga de alum\u00ednio.<br \/>\nCunha em pol\u00edmero resistente aos raios UV.<\/span><\/p>\n","protected":false},"featured_media":10115,"template":"","meta":[],"product_brand":[],"product_cat":[91],"product_tag":[],"class_list":{"0":"post-12154","1":"product","2":"type-product","3":"status-publish","4":"has-post-thumbnail","6":"product_cat-grampos","8":"first","9":"instock","10":"shipping-taxable","11":"product-type-simple"},"_links":{"self":[{"href":"https:\/\/vicentinos.com.br\/en\/wp-json\/wp\/v2\/product\/12154","targetHints":{"allow":["GET"]}}],"collection":[{"href":"https:\/\/vicentinos.com.br\/en\/wp-json\/wp\/v2\/product"}],"about":[{"href":"https:\/\/vicentinos.com.br\/en\/wp-json\/wp\/v2\/types\/product"}],"wp:featuredmedia":[{"embeddable":true,"href":"https:\/\/vicentinos.com.br\/en\/wp-json\/wp\/v2\/media\/10115"}],"wp:attachment":[{"href":"https:\/\/vicentinos.com.br\/en\/wp-json\/wp\/v2\/media?parent=12154"}],"wp:term":[{"taxonomy":"product_brand","embeddable":true,"href":"https:\/\/vicentinos.com.br\/en\/wp-json\/wp\/v2\/product_brand?post=12154"},{"taxonomy":"product_cat","embeddable":true,"href":"https:\/\/vicentinos.com.br\/en\/wp-json\/wp\/v2\/product_cat?post=12154"},{"taxonomy":"product_tag","embeddable":true,"href":"https:\/\/vicentinos.com.br\/en\/wp-json\/wp\/v2\/product_tag?post=12154"}],"curies":[{"name":"wp","href":"https:\/\/api.w.org\/{rel}","templated":true}]}}