{"id":12152,"date":"2025-07-22T21:54:23","date_gmt":"2025-07-23T00:54:23","guid":{"rendered":"https:\/\/vicentinos.com.br\/?post_type=product&#038;p=12152"},"modified":"2025-07-22T21:54:29","modified_gmt":"2025-07-23T00:54:29","slug":"cobertura-para-cabo-nu","status":"publish","type":"product","link":"https:\/\/vicentinos.com.br\/en\/product\/cobertura-para-cabo-nu\/","title":{"rendered":"Cobertura para Cabo Nu"},"content":{"rendered":"<p><a href=\"https:\/\/vicentinos.com.br\/wp-content\/uploads\/2024\/08\/cobertura-cabo-nu2.png\"><img fetchpriority=\"high\" decoding=\"async\" class=\"alignnone wp-image-1683 size-full\" src=\"https:\/\/vicentinos.com.br\/wp-content\/uploads\/2024\/08\/cobertura-cabo-nu2.png\" alt=\"\" width=\"377\" height=\"146\" \/><\/a><\/p>\n<p>&nbsp;<\/p>\n<p><a href=\"https:\/\/vicentinos.com.br\/wp-content\/uploads\/2024\/08\/cobertura-cabo-nu.png\"><img decoding=\"async\" class=\"alignnone wp-image-1682 size-full\" src=\"https:\/\/vicentinos.com.br\/wp-content\/uploads\/2024\/08\/cobertura-cabo-nu.png\" alt=\"\" width=\"794\" height=\"138\" \/><\/a><\/p>\n","protected":false},"excerpt":{"rendered":"<p><span class=\"fontstyle0\"><strong>APLICA\u00c7\u00c3O:<\/strong><br \/>\n<\/span><span class=\"fontstyle1\"><span class=\"fontstyle0\">A cobertura protetora para cabos nu \u00e9 utilizada<br \/>\nem redes de distribui\u00e7\u00e3o com tens\u00e3o at\u00e9 15 kV.<\/span><\/p>\n<p><\/span><\/p>\n<p><em><span class=\"fontstyle1\"><br \/>\n<\/span><\/em><span class=\"fontstyle0\"><strong>CARACTER\u00cdSTICAS:<\/strong><br \/>\n<\/span><span class=\"fontstyle0\">Produzido em polietileno de alta densidade na cor preta,<br \/>\npodendo existir em outras varia\u00e7\u00f5es de cor (cinza\/laranja);<\/span><\/p>\n","protected":false},"featured_media":10110,"template":"","meta":[],"product_brand":[],"product_cat":[69],"product_tag":[],"class_list":{"0":"post-12152","1":"product","2":"type-product","3":"status-publish","4":"has-post-thumbnail","6":"product_cat-coberturas","8":"first","9":"instock","10":"shipping-taxable","11":"product-type-simple"},"_links":{"self":[{"href":"https:\/\/vicentinos.com.br\/en\/wp-json\/wp\/v2\/product\/12152","targetHints":{"allow":["GET"]}}],"collection":[{"href":"https:\/\/vicentinos.com.br\/en\/wp-json\/wp\/v2\/product"}],"about":[{"href":"https:\/\/vicentinos.com.br\/en\/wp-json\/wp\/v2\/types\/product"}],"wp:featuredmedia":[{"embeddable":true,"href":"https:\/\/vicentinos.com.br\/en\/wp-json\/wp\/v2\/media\/10110"}],"wp:attachment":[{"href":"https:\/\/vicentinos.com.br\/en\/wp-json\/wp\/v2\/media?parent=12152"}],"wp:term":[{"taxonomy":"product_brand","embeddable":true,"href":"https:\/\/vicentinos.com.br\/en\/wp-json\/wp\/v2\/product_brand?post=12152"},{"taxonomy":"product_cat","embeddable":true,"href":"https:\/\/vicentinos.com.br\/en\/wp-json\/wp\/v2\/product_cat?post=12152"},{"taxonomy":"product_tag","embeddable":true,"href":"https:\/\/vicentinos.com.br\/en\/wp-json\/wp\/v2\/product_tag?post=12152"}],"curies":[{"name":"wp","href":"https:\/\/api.w.org\/{rel}","templated":true}]}}