{"id":12148,"date":"2025-07-22T21:54:22","date_gmt":"2025-07-23T00:54:22","guid":{"rendered":"https:\/\/vicentinos.com.br\/?post_type=product&#038;p=12148"},"modified":"2025-07-22T21:54:28","modified_gmt":"2025-07-23T00:54:28","slug":"protetor-para-passaros-joao-de-barro","status":"publish","type":"product","link":"https:\/\/vicentinos.com.br\/en\/product\/protetor-para-passaros-joao-de-barro\/","title":{"rendered":"Protetor para P\u00e1ssaros (Jo\u00e3o de Barro)"},"content":{"rendered":"<p><a href=\"https:\/\/vicentinos.com.br\/wp-content\/uploads\/2024\/08\/protetorjoaodebarro2.png\"><img fetchpriority=\"high\" decoding=\"async\" class=\"alignnone wp-image-1620 size-full\" src=\"https:\/\/vicentinos.com.br\/wp-content\/uploads\/2024\/08\/protetorjoaodebarro2.png\" alt=\"\" width=\"253\" height=\"336\" \/><\/a><\/p>\n<p>&nbsp;<\/p>\n<p><a href=\"https:\/\/vicentinos.com.br\/wp-content\/uploads\/2024\/08\/protetorjoaodebarro.png\"><img decoding=\"async\" class=\"alignnone wp-image-1619 size-full\" src=\"https:\/\/vicentinos.com.br\/wp-content\/uploads\/2024\/08\/protetorjoaodebarro.png\" alt=\"\" width=\"991\" height=\"183\" \/><\/a><\/p>\n","protected":false},"excerpt":{"rendered":"<p><span class=\"fontstyle0\"><strong>APLICA\u00c7\u00c3O:<\/strong><br \/>\n<\/span><span class=\"fontstyle1\">\u00c9 indicado para evitar que p\u00e1ssaros (jo\u00e3o de barro) construam seus ninhos pr\u00f3ximos dos isoladores,<br \/>\nevitando a diminui\u00e7\u00e3o do isolamento entre o isolador e as estruturas de rede, podendo causar<br \/>\ncurto-circuito e consequente desligamento da rede e morte do p\u00e1ssaro.<\/span><\/p>\n<p><span class=\"fontstyle1\"><br \/>\n<\/span><span class=\"fontstyle0\"><strong>CARACTER\u00cdSTICAS:<\/strong><br \/>\n<\/span><span class=\"fontstyle1\">Produzido em polietileno de alta densidade, resistente as intemp\u00e9ries<br \/>\ne raios ultra-violetas, fabricado na cor cinza ou preta, possui resist\u00eancia ao<br \/>\ntrilhamento el\u00e9trico. Utilizados em cruzetas de largura de 90 a 120mm. N\u00e3o \u00e9 necess\u00e1rio o desliga<br \/>\nmente da rede para instala\u00e7\u00e3o, pois possui olhal que se encaixa em vara de manobra.<\/span><\/p>\n","protected":false},"featured_media":10105,"template":"","meta":[],"product_brand":[],"product_cat":[69],"product_tag":[77],"class_list":{"0":"post-12148","1":"product","2":"type-product","3":"status-publish","4":"has-post-thumbnail","6":"product_cat-coberturas","7":"product_tag-joao-de-barro","9":"first","10":"instock","11":"shipping-taxable","12":"product-type-simple"},"_links":{"self":[{"href":"https:\/\/vicentinos.com.br\/en\/wp-json\/wp\/v2\/product\/12148","targetHints":{"allow":["GET"]}}],"collection":[{"href":"https:\/\/vicentinos.com.br\/en\/wp-json\/wp\/v2\/product"}],"about":[{"href":"https:\/\/vicentinos.com.br\/en\/wp-json\/wp\/v2\/types\/product"}],"wp:featuredmedia":[{"embeddable":true,"href":"https:\/\/vicentinos.com.br\/en\/wp-json\/wp\/v2\/media\/10105"}],"wp:attachment":[{"href":"https:\/\/vicentinos.com.br\/en\/wp-json\/wp\/v2\/media?parent=12148"}],"wp:term":[{"taxonomy":"product_brand","embeddable":true,"href":"https:\/\/vicentinos.com.br\/en\/wp-json\/wp\/v2\/product_brand?post=12148"},{"taxonomy":"product_cat","embeddable":true,"href":"https:\/\/vicentinos.com.br\/en\/wp-json\/wp\/v2\/product_cat?post=12148"},{"taxonomy":"product_tag","embeddable":true,"href":"https:\/\/vicentinos.com.br\/en\/wp-json\/wp\/v2\/product_tag?post=12148"}],"curies":[{"name":"wp","href":"https:\/\/api.w.org\/{rel}","templated":true}]}}