{"id":12145,"date":"2025-07-22T21:54:21","date_gmt":"2025-07-23T00:54:21","guid":{"rendered":"https:\/\/vicentinos.com.br\/?post_type=product&#038;p=12145"},"modified":"2025-07-22T21:54:28","modified_gmt":"2025-07-23T00:54:28","slug":"cobertura-protetora-para-grampo-de-linha-viva","status":"publish","type":"product","link":"https:\/\/vicentinos.com.br\/en\/product\/cobertura-protetora-para-grampo-de-linha-viva\/","title":{"rendered":"Cobertura Protetora para Grampo de Linha Viva"},"content":{"rendered":"<p><a href=\"https:\/\/vicentinos.com.br\/wp-content\/uploads\/2024\/08\/cobertura-protetora-1.png\"><img fetchpriority=\"high\" decoding=\"async\" class=\"alignnone wp-image-1608 size-full\" src=\"https:\/\/vicentinos.com.br\/wp-content\/uploads\/2024\/08\/cobertura-protetora-1.png\" alt=\"\" width=\"264\" height=\"499\" srcset=\"https:\/\/vicentinos.com.br\/wp-content\/uploads\/2024\/08\/cobertura-protetora-1.png 264w, https:\/\/vicentinos.com.br\/wp-content\/uploads\/2024\/08\/cobertura-protetora-1-159x300.png 159w\" sizes=\"(max-width: 264px) 100vw, 264px\" \/><\/a><\/p>\n<p>&nbsp;<\/p>\n<p><a href=\"https:\/\/vicentinos.com.br\/wp-content\/uploads\/2024\/08\/cobertura-protetora-2.png\"><img decoding=\"async\" class=\"alignnone wp-image-1607 size-full\" src=\"https:\/\/vicentinos.com.br\/wp-content\/uploads\/2024\/08\/cobertura-protetora-2.png\" alt=\"\" width=\"1089\" height=\"176\" srcset=\"https:\/\/vicentinos.com.br\/wp-content\/uploads\/2024\/08\/cobertura-protetora-2.png 1089w, https:\/\/vicentinos.com.br\/wp-content\/uploads\/2024\/08\/cobertura-protetora-2-600x97.png 600w, https:\/\/vicentinos.com.br\/wp-content\/uploads\/2024\/08\/cobertura-protetora-2-300x48.png 300w, https:\/\/vicentinos.com.br\/wp-content\/uploads\/2024\/08\/cobertura-protetora-2-1024x165.png 1024w, https:\/\/vicentinos.com.br\/wp-content\/uploads\/2024\/08\/cobertura-protetora-2-768x124.png 768w\" sizes=\"(max-width: 1089px) 100vw, 1089px\" \/><\/a><\/p>\n","protected":false},"excerpt":{"rendered":"<p><span class=\"fontstyle0\"><strong>APLICA\u00c7\u00c3O:<\/strong><br \/>\n<\/span><span class=\"fontstyle1\">\u00c9 aplicado na prote\u00e7\u00e3o do estribo com conector deriva\u00e7\u00e3o de grampo<br \/>\nde linha viva,instalado em redes de distribui\u00e7\u00e3o protegidas.<\/span><\/p>\n<p><span class=\"fontstyle1\"><br \/>\n<\/span><span class=\"fontstyle0\"><strong>CARACTER\u00cdSTICAS:<\/strong><br \/>\n<\/span><span class=\"fontstyle1\">Produzido em polietileno de alta densidade na cor cinza.<br \/>\nProte\u00e7\u00e3o aos raios UV.<br \/>\nGrande resist\u00eancia mec\u00e2nica e ao trilhamento el\u00e9trico.<br \/>\nDe f\u00e1cil instala\u00e7\u00e3o.<br \/>\nPode ser aplicado com bast\u00e3o de linha viva.<\/span><\/p>\n","protected":false},"featured_media":10102,"template":"","meta":[],"product_brand":[],"product_cat":[69],"product_tag":[],"class_list":{"0":"post-12145","1":"product","2":"type-product","3":"status-publish","4":"has-post-thumbnail","6":"product_cat-coberturas","8":"first","9":"instock","10":"shipping-taxable","11":"product-type-simple"},"_links":{"self":[{"href":"https:\/\/vicentinos.com.br\/en\/wp-json\/wp\/v2\/product\/12145","targetHints":{"allow":["GET"]}}],"collection":[{"href":"https:\/\/vicentinos.com.br\/en\/wp-json\/wp\/v2\/product"}],"about":[{"href":"https:\/\/vicentinos.com.br\/en\/wp-json\/wp\/v2\/types\/product"}],"wp:featuredmedia":[{"embeddable":true,"href":"https:\/\/vicentinos.com.br\/en\/wp-json\/wp\/v2\/media\/10102"}],"wp:attachment":[{"href":"https:\/\/vicentinos.com.br\/en\/wp-json\/wp\/v2\/media?parent=12145"}],"wp:term":[{"taxonomy":"product_brand","embeddable":true,"href":"https:\/\/vicentinos.com.br\/en\/wp-json\/wp\/v2\/product_brand?post=12145"},{"taxonomy":"product_cat","embeddable":true,"href":"https:\/\/vicentinos.com.br\/en\/wp-json\/wp\/v2\/product_cat?post=12145"},{"taxonomy":"product_tag","embeddable":true,"href":"https:\/\/vicentinos.com.br\/en\/wp-json\/wp\/v2\/product_tag?post=12145"}],"curies":[{"name":"wp","href":"https:\/\/api.w.org\/{rel}","templated":true}]}}