{"id":12144,"date":"2025-07-22T21:54:21","date_gmt":"2025-07-23T00:54:21","guid":{"rendered":"https:\/\/vicentinos.com.br\/?post_type=product&#038;p=12144"},"modified":"2025-07-22T21:54:27","modified_gmt":"2025-07-23T00:54:27","slug":"isolador-de-ancoragem-polimerico","status":"publish","type":"product","link":"https:\/\/vicentinos.com.br\/en\/product\/isolador-de-ancoragem-polimerico\/","title":{"rendered":"Isolador de Ancoragem Polim\u00e9rico"},"content":{"rendered":"<p><a href=\"https:\/\/vicentinos.com.br\/wp-content\/uploads\/2024\/08\/ISOLADOR-2.png\"><img fetchpriority=\"high\" decoding=\"async\" class=\"alignnone wp-image-1523 size-full\" src=\"https:\/\/vicentinos.com.br\/wp-content\/uploads\/2024\/08\/ISOLADOR-2.png\" alt=\"\" width=\"411\" height=\"169\" srcset=\"https:\/\/vicentinos.com.br\/wp-content\/uploads\/2024\/08\/ISOLADOR-2.png 411w, https:\/\/vicentinos.com.br\/wp-content\/uploads\/2024\/08\/ISOLADOR-2-300x123.png 300w\" sizes=\"(max-width: 411px) 100vw, 411px\" \/><\/a><\/p>\n<p>&nbsp;<\/p>\n<p><a href=\"https:\/\/vicentinos.com.br\/wp-content\/uploads\/2024\/08\/ISOLADOR-1.png\"><img decoding=\"async\" class=\"alignnone wp-image-1521 size-full\" src=\"https:\/\/vicentinos.com.br\/wp-content\/uploads\/2024\/08\/ISOLADOR-1.png\" alt=\"\" width=\"1061\" height=\"193\" srcset=\"https:\/\/vicentinos.com.br\/wp-content\/uploads\/2024\/08\/ISOLADOR-1.png 1061w, https:\/\/vicentinos.com.br\/wp-content\/uploads\/2024\/08\/ISOLADOR-1-600x109.png 600w, https:\/\/vicentinos.com.br\/wp-content\/uploads\/2024\/08\/ISOLADOR-1-300x55.png 300w, https:\/\/vicentinos.com.br\/wp-content\/uploads\/2024\/08\/ISOLADOR-1-1024x186.png 1024w, https:\/\/vicentinos.com.br\/wp-content\/uploads\/2024\/08\/ISOLADOR-1-768x140.png 768w\" sizes=\"(max-width: 1061px) 100vw, 1061px\" \/><\/a><\/p>\n","protected":false},"excerpt":{"rendered":"<p><span class=\"fontstyle0\"><strong>APLICA\u00c7\u00c3O:<\/strong><br \/>\n<\/span><span class=\"fontstyle1\">Ultilizado para encabe\u00e7amento de redes a\u00e9reas de distribui\u00e7\u00e3o de energia.<\/span><\/p>\n<p><span class=\"fontstyle0\"><strong>CARACTER\u00cdSTICAS:<\/strong><br \/>\n<\/span><span class=\"fontstyle1\">Com corpo em composto silicone, na cor cinza, n\u00facleo em resina ep\u00f3xi.<br \/>\nResist\u00eancia a UV e ao trilhamento el\u00e9trico.<br \/>\nCont\u00e9m terminal olhal, garfo e pino em a\u00e7o, zincado por imers\u00e3o a quente<\/span><\/p>\n","protected":false},"featured_media":8824,"template":"","meta":[],"product_brand":[],"product_cat":[49],"product_tag":[48],"class_list":{"0":"post-12144","1":"product","2":"type-product","3":"status-publish","4":"has-post-thumbnail","6":"product_cat-isoladores","7":"product_tag-isolador","9":"first","10":"instock","11":"shipping-taxable","12":"product-type-simple"},"_links":{"self":[{"href":"https:\/\/vicentinos.com.br\/en\/wp-json\/wp\/v2\/product\/12144","targetHints":{"allow":["GET"]}}],"collection":[{"href":"https:\/\/vicentinos.com.br\/en\/wp-json\/wp\/v2\/product"}],"about":[{"href":"https:\/\/vicentinos.com.br\/en\/wp-json\/wp\/v2\/types\/product"}],"wp:featuredmedia":[{"embeddable":true,"href":"https:\/\/vicentinos.com.br\/en\/wp-json\/wp\/v2\/media\/8824"}],"wp:attachment":[{"href":"https:\/\/vicentinos.com.br\/en\/wp-json\/wp\/v2\/media?parent=12144"}],"wp:term":[{"taxonomy":"product_brand","embeddable":true,"href":"https:\/\/vicentinos.com.br\/en\/wp-json\/wp\/v2\/product_brand?post=12144"},{"taxonomy":"product_cat","embeddable":true,"href":"https:\/\/vicentinos.com.br\/en\/wp-json\/wp\/v2\/product_cat?post=12144"},{"taxonomy":"product_tag","embeddable":true,"href":"https:\/\/vicentinos.com.br\/en\/wp-json\/wp\/v2\/product_tag?post=12144"}],"curies":[{"name":"wp","href":"https:\/\/api.w.org\/{rel}","templated":true}]}}