{"id":12140,"date":"2025-07-22T21:54:20","date_gmt":"2025-07-23T00:54:20","guid":{"rendered":"https:\/\/vicentinos.com.br\/?post_type=product&#038;p=12140"},"modified":"2025-07-22T21:54:26","modified_gmt":"2025-07-23T00:54:26","slug":"suporte-roldana","status":"publish","type":"product","link":"https:\/\/vicentinos.com.br\/en\/product\/suporte-roldana\/","title":{"rendered":"Suporte Roldana"},"content":{"rendered":"<p><a href=\"https:\/\/vicentinos.com.br\/wp-content\/uploads\/2024\/08\/suporteroldana2.png\"><img fetchpriority=\"high\" decoding=\"async\" class=\"alignnone wp-image-1575 size-full\" src=\"https:\/\/vicentinos.com.br\/wp-content\/uploads\/2024\/08\/suporteroldana2.png\" alt=\"\" width=\"255\" height=\"364\" srcset=\"https:\/\/vicentinos.com.br\/wp-content\/uploads\/2024\/08\/suporteroldana2.png 255w, https:\/\/vicentinos.com.br\/wp-content\/uploads\/2024\/08\/suporteroldana2-210x300.png 210w\" sizes=\"(max-width: 255px) 100vw, 255px\" \/><\/a><\/p>\n<p>&nbsp;<\/p>\n<p><a href=\"https:\/\/vicentinos.com.br\/wp-content\/uploads\/2024\/08\/suporteroldana1.png\"><img decoding=\"async\" class=\"alignnone wp-image-1574 size-full\" src=\"https:\/\/vicentinos.com.br\/wp-content\/uploads\/2024\/08\/suporteroldana1.png\" alt=\"\" width=\"1071\" height=\"133\" srcset=\"https:\/\/vicentinos.com.br\/wp-content\/uploads\/2024\/08\/suporteroldana1.png 1071w, https:\/\/vicentinos.com.br\/wp-content\/uploads\/2024\/08\/suporteroldana1-600x75.png 600w, https:\/\/vicentinos.com.br\/wp-content\/uploads\/2024\/08\/suporteroldana1-300x37.png 300w, https:\/\/vicentinos.com.br\/wp-content\/uploads\/2024\/08\/suporteroldana1-1024x127.png 1024w, https:\/\/vicentinos.com.br\/wp-content\/uploads\/2024\/08\/suporteroldana1-768x95.png 768w\" sizes=\"(max-width: 1071px) 100vw, 1071px\" \/><\/a><\/p>\n","protected":false},"excerpt":{"rendered":"<p><span class=\"fontstyle0\"><strong>APLICA\u00c7\u00c3O:<\/strong><br \/>\n<\/span><span class=\"fontstyle0\">Utilizado para ancoragem de condutores no<br \/>\npadr\u00e3o de entrada de energia ou telefonia<\/span><\/p>\n<p><strong><span class=\"fontstyle1\"><br \/>\n<\/span><\/strong><span class=\"fontstyle0\"><strong>CARACTER\u00cdSTICAS:<\/strong><br \/>\n<\/span><span class=\"fontstyle0\">Produto monocorpo, produzido em Pol\u00edmero de<br \/>\nalta resist\u00eancia mec\u00e2nica e el\u00e9trica, nas cores<br \/>\ncinza ou preta e prote\u00e7\u00e3o aos raios UV.<\/span><\/p>\n","protected":false},"featured_media":8847,"template":"","meta":[],"product_brand":[],"product_cat":[49],"product_tag":[56],"class_list":{"0":"post-12140","1":"product","2":"type-product","3":"status-publish","4":"has-post-thumbnail","6":"product_cat-isoladores","7":"product_tag-roldana","9":"first","10":"instock","11":"shipping-taxable","12":"product-type-simple"},"_links":{"self":[{"href":"https:\/\/vicentinos.com.br\/en\/wp-json\/wp\/v2\/product\/12140","targetHints":{"allow":["GET"]}}],"collection":[{"href":"https:\/\/vicentinos.com.br\/en\/wp-json\/wp\/v2\/product"}],"about":[{"href":"https:\/\/vicentinos.com.br\/en\/wp-json\/wp\/v2\/types\/product"}],"wp:featuredmedia":[{"embeddable":true,"href":"https:\/\/vicentinos.com.br\/en\/wp-json\/wp\/v2\/media\/8847"}],"wp:attachment":[{"href":"https:\/\/vicentinos.com.br\/en\/wp-json\/wp\/v2\/media?parent=12140"}],"wp:term":[{"taxonomy":"product_brand","embeddable":true,"href":"https:\/\/vicentinos.com.br\/en\/wp-json\/wp\/v2\/product_brand?post=12140"},{"taxonomy":"product_cat","embeddable":true,"href":"https:\/\/vicentinos.com.br\/en\/wp-json\/wp\/v2\/product_cat?post=12140"},{"taxonomy":"product_tag","embeddable":true,"href":"https:\/\/vicentinos.com.br\/en\/wp-json\/wp\/v2\/product_tag?post=12140"}],"curies":[{"name":"wp","href":"https:\/\/api.w.org\/{rel}","templated":true}]}}