{"id":12139,"date":"2025-07-22T21:54:20","date_gmt":"2025-07-23T00:54:20","guid":{"rendered":"https:\/\/vicentinos.com.br\/?post_type=product&#038;p=12139"},"modified":"2025-07-22T21:54:26","modified_gmt":"2025-07-23T00:54:26","slug":"isolador-roldana","status":"publish","type":"product","link":"https:\/\/vicentinos.com.br\/en\/product\/isolador-roldana\/","title":{"rendered":"Isolador Roldana"},"content":{"rendered":"<p><a href=\"https:\/\/vicentinos.com.br\/wp-content\/uploads\/2024\/08\/roldana-2.png\"><img fetchpriority=\"high\" decoding=\"async\" class=\"alignnone wp-image-1570 size-full\" src=\"https:\/\/vicentinos.com.br\/wp-content\/uploads\/2024\/08\/roldana-2.png\" alt=\"\" width=\"310\" height=\"439\" srcset=\"https:\/\/vicentinos.com.br\/wp-content\/uploads\/2024\/08\/roldana-2.png 310w, https:\/\/vicentinos.com.br\/wp-content\/uploads\/2024\/08\/roldana-2-212x300.png 212w\" sizes=\"(max-width: 310px) 100vw, 310px\" \/><\/a><\/p>\n<p>&nbsp;<\/p>\n<p><a href=\"https:\/\/vicentinos.com.br\/wp-content\/uploads\/2024\/08\/roldana-1.png\"><img decoding=\"async\" class=\"alignnone wp-image-1569 size-full\" src=\"https:\/\/vicentinos.com.br\/wp-content\/uploads\/2024\/08\/roldana-1.png\" alt=\"\" width=\"1089\" height=\"187\" srcset=\"https:\/\/vicentinos.com.br\/wp-content\/uploads\/2024\/08\/roldana-1.png 1089w, https:\/\/vicentinos.com.br\/wp-content\/uploads\/2024\/08\/roldana-1-600x103.png 600w, https:\/\/vicentinos.com.br\/wp-content\/uploads\/2024\/08\/roldana-1-300x52.png 300w, https:\/\/vicentinos.com.br\/wp-content\/uploads\/2024\/08\/roldana-1-1024x176.png 1024w, https:\/\/vicentinos.com.br\/wp-content\/uploads\/2024\/08\/roldana-1-768x132.png 768w\" sizes=\"(max-width: 1089px) 100vw, 1089px\" \/><\/a><\/p>\n","protected":false},"excerpt":{"rendered":"<p><span class=\"fontstyle0\"><strong>APLICA\u00c7\u00c3O:<\/strong><br \/>\n<\/span><span class=\"fontstyle1\">Utilizado para suporte e ancoragem de condutores instalados em<br \/>\nredes de distribui\u00e7\u00e3o de baixa tens\u00e3o e telefonia.<\/span><\/p>\n<p><strong><span class=\"fontstyle1\"><br \/>\n<\/span><\/strong><span class=\"fontstyle0\"><strong>CARACTER\u00cdSTICAS:<\/strong><br \/>\n<\/span><span class=\"fontstyle1\">Produzido em polietileno de alta densidade na cor cinza<br \/>\nResist\u00eancia ao trilhamento el\u00e9trico<br \/>\nProte\u00e7\u00e3o aos raios UV.<\/span><\/p>\n","protected":false},"featured_media":8844,"template":"","meta":[],"product_brand":[],"product_cat":[49],"product_tag":[48,56],"class_list":{"0":"post-12139","1":"product","2":"type-product","3":"status-publish","4":"has-post-thumbnail","6":"product_cat-isoladores","7":"product_tag-isolador","8":"product_tag-roldana","10":"first","11":"instock","12":"shipping-taxable","13":"product-type-simple"},"_links":{"self":[{"href":"https:\/\/vicentinos.com.br\/en\/wp-json\/wp\/v2\/product\/12139","targetHints":{"allow":["GET"]}}],"collection":[{"href":"https:\/\/vicentinos.com.br\/en\/wp-json\/wp\/v2\/product"}],"about":[{"href":"https:\/\/vicentinos.com.br\/en\/wp-json\/wp\/v2\/types\/product"}],"wp:featuredmedia":[{"embeddable":true,"href":"https:\/\/vicentinos.com.br\/en\/wp-json\/wp\/v2\/media\/8844"}],"wp:attachment":[{"href":"https:\/\/vicentinos.com.br\/en\/wp-json\/wp\/v2\/media?parent=12139"}],"wp:term":[{"taxonomy":"product_brand","embeddable":true,"href":"https:\/\/vicentinos.com.br\/en\/wp-json\/wp\/v2\/product_brand?post=12139"},{"taxonomy":"product_cat","embeddable":true,"href":"https:\/\/vicentinos.com.br\/en\/wp-json\/wp\/v2\/product_cat?post=12139"},{"taxonomy":"product_tag","embeddable":true,"href":"https:\/\/vicentinos.com.br\/en\/wp-json\/wp\/v2\/product_tag?post=12139"}],"curies":[{"name":"wp","href":"https:\/\/api.w.org\/{rel}","templated":true}]}}