{"id":12138,"date":"2025-07-22T21:54:20","date_gmt":"2025-07-23T00:54:20","guid":{"rendered":"https:\/\/vicentinos.com.br\/?post_type=product&#038;p=12138"},"modified":"2025-07-22T21:54:26","modified_gmt":"2025-07-23T00:54:26","slug":"isolador-hibrido","status":"publish","type":"product","link":"https:\/\/vicentinos.com.br\/en\/product\/isolador-hibrido\/","title":{"rendered":"Isolador H\u00edbrido"},"content":{"rendered":"<p><a href=\"https:\/\/vicentinos.com.br\/wp-content\/uploads\/2024\/08\/isoladorhibrido2.png\"><img fetchpriority=\"high\" decoding=\"async\" class=\"alignnone wp-image-1567 size-full\" src=\"https:\/\/vicentinos.com.br\/wp-content\/uploads\/2024\/08\/isoladorhibrido2.png\" alt=\"\" width=\"213\" height=\"292\" \/><\/a><\/p>\n<p>&nbsp;<\/p>\n<p><a href=\"https:\/\/vicentinos.com.br\/wp-content\/uploads\/2024\/08\/isoladorhibrido1.png\"><img decoding=\"async\" class=\"alignnone wp-image-1566 size-full\" src=\"https:\/\/vicentinos.com.br\/wp-content\/uploads\/2024\/08\/isoladorhibrido1.png\" alt=\"\" width=\"1053\" height=\"181\" srcset=\"https:\/\/vicentinos.com.br\/wp-content\/uploads\/2024\/08\/isoladorhibrido1.png 1053w, https:\/\/vicentinos.com.br\/wp-content\/uploads\/2024\/08\/isoladorhibrido1-600x103.png 600w, https:\/\/vicentinos.com.br\/wp-content\/uploads\/2024\/08\/isoladorhibrido1-300x52.png 300w, https:\/\/vicentinos.com.br\/wp-content\/uploads\/2024\/08\/isoladorhibrido1-1024x176.png 1024w, https:\/\/vicentinos.com.br\/wp-content\/uploads\/2024\/08\/isoladorhibrido1-768x132.png 768w\" sizes=\"(max-width: 1053px) 100vw, 1053px\" \/><\/a><\/p>\n","protected":false},"excerpt":{"rendered":"<p><span class=\"fontstyle0\"><strong>APLICA\u00c7\u00c3O:<\/strong><br \/>\n<\/span><span class=\"fontstyle1\">Utilizado em redes a\u00e9reas de distribui\u00e7\u00e3o de energia el\u00e9trica. Instalado com pino polim\u00e9rico ou met\u00e1lico.<\/span><\/p>\n<p><span class=\"fontstyle1\"><br \/>\n<\/span><span class=\"fontstyle0\"><strong>CARACTER\u00cdSTICAS:<\/strong><br \/>\n<\/span><span class=\"fontstyle1\">Produzido em polietileno de alta densidade na cor cinza.<br \/>\nAlta resist\u00eancia a tra\u00e7\u00e3o, flex\u00e3o e impacto<br \/>\nResist\u00eancia ao trilhamento el\u00e9trico<br \/>\nProte\u00e7\u00e3o aos raios UV.<br \/>\nPode ser fixado com anel elastom\u00e9rico ou preformado polim\u00e9rico.<br \/>\nEspecialmente desenvolvido para regi\u00f5es de maiores n\u00edveis de contamina\u00e7\u00e3o.<\/span><\/p>\n","protected":false},"featured_media":8843,"template":"","meta":[],"product_brand":[],"product_cat":[49],"product_tag":[48],"class_list":{"0":"post-12138","1":"product","2":"type-product","3":"status-publish","4":"has-post-thumbnail","6":"product_cat-isoladores","7":"product_tag-isolador","9":"first","10":"instock","11":"shipping-taxable","12":"product-type-simple"},"_links":{"self":[{"href":"https:\/\/vicentinos.com.br\/en\/wp-json\/wp\/v2\/product\/12138","targetHints":{"allow":["GET"]}}],"collection":[{"href":"https:\/\/vicentinos.com.br\/en\/wp-json\/wp\/v2\/product"}],"about":[{"href":"https:\/\/vicentinos.com.br\/en\/wp-json\/wp\/v2\/types\/product"}],"wp:featuredmedia":[{"embeddable":true,"href":"https:\/\/vicentinos.com.br\/en\/wp-json\/wp\/v2\/media\/8843"}],"wp:attachment":[{"href":"https:\/\/vicentinos.com.br\/en\/wp-json\/wp\/v2\/media?parent=12138"}],"wp:term":[{"taxonomy":"product_brand","embeddable":true,"href":"https:\/\/vicentinos.com.br\/en\/wp-json\/wp\/v2\/product_brand?post=12138"},{"taxonomy":"product_cat","embeddable":true,"href":"https:\/\/vicentinos.com.br\/en\/wp-json\/wp\/v2\/product_cat?post=12138"},{"taxonomy":"product_tag","embeddable":true,"href":"https:\/\/vicentinos.com.br\/en\/wp-json\/wp\/v2\/product_tag?post=12138"}],"curies":[{"name":"wp","href":"https:\/\/api.w.org\/{rel}","templated":true}]}}